{"id":8009,"date":"2025-12-08T08:20:00","date_gmt":"2025-12-08T07:20:00","guid":{"rendered":"https:\/\/theindianatravel.com\/?page_id=8009"},"modified":"2025-12-08T08:20:00","modified_gmt":"2025-12-08T07:20:00","slug":"la-mirada-indiana","status":"publish","type":"page","link":"https:\/\/theindianatravel.com\/en\/la-mirada-indiana","title":{"rendered":"La mirada Indiana"},"content":{"rendered":"<div class=\"wpb-content-wrapper\"><div class=\"vc_row wpb_row vc_row-fluid\" ><div class=\"wpb_column vc_column_container vc_col-sm-12\"><div class=\"vc_column-inner\"><div class=\"wpb_wrapper\"><\/div><\/div><\/div><\/div><div class=\"vc_row wpb_row vc_row-fluid\" ><div class=\"wpb_column vc_column_container vc_col-sm-12\"><div class=\"vc_column-inner\"><div class=\"wpb_wrapper\"><div class=\"vc_empty_space\"   style=\"height: 32px\"><span class=\"vc_empty_space_inner\"><\/span><\/div><\/div><\/div><\/div><\/div><div class=\"eltd-row-grid-section-wrapper eltd-content-aligment-center\"  ><div class=\"eltd-row-grid-section\"><div class=\"vc_row wpb_row vc_row-fluid\" ><div class=\"wpb_column vc_column_container vc_col-sm-12\"><div class=\"vc_column-inner\"><div class=\"wpb_wrapper\"><div class=\"eltd-blog-list-holder eltd-bl-boxed eltd-bl-three-columns eltd-large-space eltd-bl-pag-no-pagination\"  data-type=\"boxed\" data-number-of-posts=\"-1\" data-number-of-columns=\"3\" data-space-between-items=\"large\" data-orderby=\"date\" data-order=\"ASC\" data-image-size=\"full\" data-title-tag=\"h4\" data-excerpt-length=\"20\" data-post-info-section=\"yes\" data-post-info-image=\"yes\" data-post-info-author=\"yes\" data-post-read-more=\"no\" data-post-info-date=\"yes\" data-post-info-category=\"yes\" data-post-info-comments=\"no\" data-post-info-like=\"no\" data-post-info-share=\"no\" data-pagination-type=\"no-pagination\" data-max-num-pages=\"0\" data-next-page=\"2\">\n\t<div class=\"eltd-bl-wrapper eltd-outer-space\">\n\t\t<ul class=\"eltd-blog-list\">\n\t\t\t<li class=\"eltd-bl-item eltd-item-space clearfix\">\n\t<div class=\"eltd-bli-inner\">\n\t\t\n\t<div class=\"eltd-post-image\">\n\t\t\t\t\t<a itemprop=\"url\" href=\"https:\/\/theindianatravel.com\/en\/como-vestirse-para-ir-de-safari\" title=\"\u00bfC\u00f3mo vestirse para un safari?\">\n\t\t\t\t\t<img loading=\"lazy\" decoding=\"async\" width=\"1680\" height=\"763\" src=\"https:\/\/theindianatravel.com\/wp-content\/uploads\/2020\/05\/sanctuary-kusini-camp-The-Indiana-Travel.jpg\" class=\"attachment-full size-full wp-post-image\" alt=\"sanctuary kusini camp - The Indiana Travel\" srcset=\"https:\/\/theindianatravel.com\/wp-content\/uploads\/2020\/05\/sanctuary-kusini-camp-The-Indiana-Travel.jpg 1680w, https:\/\/theindianatravel.com\/wp-content\/uploads\/2020\/05\/sanctuary-kusini-camp-The-Indiana-Travel-300x136.jpg 300w, https:\/\/theindianatravel.com\/wp-content\/uploads\/2020\/05\/sanctuary-kusini-camp-The-Indiana-Travel-1024x465.jpg 1024w, https:\/\/theindianatravel.com\/wp-content\/uploads\/2020\/05\/sanctuary-kusini-camp-The-Indiana-Travel-768x349.jpg 768w, https:\/\/theindianatravel.com\/wp-content\/uploads\/2020\/05\/sanctuary-kusini-camp-The-Indiana-Travel-1536x698.jpg 1536w, https:\/\/theindianatravel.com\/wp-content\/uploads\/2020\/05\/sanctuary-kusini-camp-The-Indiana-Travel-600x273.jpg 600w\" sizes=\"auto, (max-width: 1680px) 100vw, 1680px\" \/>\t\t\t\t\t<\/a>\n\t\t\t\t\t<\/div>\n        <div class=\"eltd-bli-content\">\n                            <div class=\"eltd-bli-info\">\n\t                05\/03\/2025<div class=\"eltd-post-info-category\">\n    <a href=\"https:\/\/theindianatravel.com\/en\/category\/africa\" rel=\"category tag\">Africa<\/a>, <a href=\"https:\/\/theindianatravel.com\/en\/category\/lifestyle\" rel=\"category tag\">Lifestyle<\/a>, <a href=\"https:\/\/theindianatravel.com\/en\/category\/safari\" rel=\"category tag\">Safari<\/a><\/div>\n                <\/div>\n            \t\n\t        \n<h4 itemprop=\"name\" class=\"entry-title eltd-post-title\" >\n            <a itemprop=\"url\" href=\"https:\/\/theindianatravel.com\/en\/como-vestirse-para-ir-de-safari\" title=\"\u00bfC\u00f3mo vestirse para un safari?\">\n            \u00bfC\u00f3mo vestirse para un safari?            <\/a>\n    <\/h4>\t\n\t        <div class=\"eltd-bli-excerpt\">\n\t\t        \t\t        \t        <\/div>\n\t        <div class=\"eltd-post-info-author\">\n    <span class=\"eltd-post-info-author-text\">\n        By    <\/span>\n    <a itemprop=\"author\" class=\"eltd-post-info-author-link\" href=\"https:\/\/theindianatravel.com\/en\/author\/carolina-estelle\">\n        Carolina Estell\u00e9    <\/a>\n<\/div>        <\/div>\n\t<\/div>\n<\/li><li class=\"eltd-bl-item eltd-item-space clearfix\">\n\t<div class=\"eltd-bli-inner\">\n\t\t\n\t<div class=\"eltd-post-image\">\n\t\t\t\t\t<a itemprop=\"url\" href=\"https:\/\/theindianatravel.com\/en\/safaris-en-lujo-exclusivo-en-africa\" title=\"Safaris en lujo exclusivo en \u00c1frica\">\n\t\t\t\t\t<img loading=\"lazy\" decoding=\"async\" width=\"1680\" height=\"763\" src=\"https:\/\/theindianatravel.com\/wp-content\/uploads\/2020\/05\/SANCTUARY-KICHAKANI-SERENGETI-CAMP.jpg\" class=\"attachment-full size-full wp-post-image\" alt=\"Sanctuary Kichakani - Tanzania - The Indiana Travel\" srcset=\"https:\/\/theindianatravel.com\/wp-content\/uploads\/2020\/05\/SANCTUARY-KICHAKANI-SERENGETI-CAMP.jpg 1680w, https:\/\/theindianatravel.com\/wp-content\/uploads\/2020\/05\/SANCTUARY-KICHAKANI-SERENGETI-CAMP-300x136.jpg 300w, https:\/\/theindianatravel.com\/wp-content\/uploads\/2020\/05\/SANCTUARY-KICHAKANI-SERENGETI-CAMP-1024x465.jpg 1024w, https:\/\/theindianatravel.com\/wp-content\/uploads\/2020\/05\/SANCTUARY-KICHAKANI-SERENGETI-CAMP-768x349.jpg 768w, https:\/\/theindianatravel.com\/wp-content\/uploads\/2020\/05\/SANCTUARY-KICHAKANI-SERENGETI-CAMP-1536x698.jpg 1536w, https:\/\/theindianatravel.com\/wp-content\/uploads\/2020\/05\/SANCTUARY-KICHAKANI-SERENGETI-CAMP-600x273.jpg 600w\" sizes=\"auto, (max-width: 1680px) 100vw, 1680px\" \/>\t\t\t\t\t<\/a>\n\t\t\t\t\t<\/div>\n        <div class=\"eltd-bli-content\">\n                            <div class=\"eltd-bli-info\">\n\t                09\/03\/2025<div class=\"eltd-post-info-category\">\n    <a href=\"https:\/\/theindianatravel.com\/en\/category\/africa\" rel=\"category tag\">Africa<\/a>, <a href=\"https:\/\/theindianatravel.com\/en\/category\/lifestyle\" rel=\"category tag\">Lifestyle<\/a>, <a href=\"https:\/\/theindianatravel.com\/en\/category\/safari\" rel=\"category tag\">Safari<\/a><\/div>\n                <\/div>\n            \t\n\t        \n<h4 itemprop=\"name\" class=\"entry-title eltd-post-title\" >\n            <a itemprop=\"url\" href=\"https:\/\/theindianatravel.com\/en\/safaris-en-lujo-exclusivo-en-africa\" title=\"Safaris en lujo exclusivo en \u00c1frica\">\n            Safaris en lujo exclusivo en \u00c1frica            <\/a>\n    <\/h4>\t\n\t        <div class=\"eltd-bli-excerpt\">\n\t\t        \t\t        \t        <\/div>\n\t        <div class=\"eltd-post-info-author\">\n    <span class=\"eltd-post-info-author-text\">\n        By    <\/span>\n    <a itemprop=\"author\" class=\"eltd-post-info-author-link\" href=\"https:\/\/theindianatravel.com\/en\/author\/carolina-estelle\">\n        Carolina Estell\u00e9    <\/a>\n<\/div>        <\/div>\n\t<\/div>\n<\/li><li class=\"eltd-bl-item eltd-item-space clearfix\">\n\t<div class=\"eltd-bli-inner\">\n\t\t\n\t<div class=\"eltd-post-image\">\n\t\t\t\t\t<a itemprop=\"url\" href=\"https:\/\/theindianatravel.com\/en\/que-ver-en-butan-en-un-viaje-de-lujo-de-10-dias\" title=\"Qu\u00e9 ver en But\u00e1n en un viaje de lujo de 10 d\u00edas\">\n\t\t\t\t\t<img loading=\"lazy\" decoding=\"async\" width=\"1440\" height=\"890\" src=\"https:\/\/theindianatravel.com\/wp-content\/uploads\/2025\/09\/Paro-Lodge-Amankora-Bhutan_8-1.jpg\" class=\"attachment-full size-full wp-post-image\" alt=\"BUT\u00c1N - INDIANA TRAVEL\" srcset=\"https:\/\/theindianatravel.com\/wp-content\/uploads\/2025\/09\/Paro-Lodge-Amankora-Bhutan_8-1.jpg 1440w, https:\/\/theindianatravel.com\/wp-content\/uploads\/2025\/09\/Paro-Lodge-Amankora-Bhutan_8-1-300x185.jpg 300w, https:\/\/theindianatravel.com\/wp-content\/uploads\/2025\/09\/Paro-Lodge-Amankora-Bhutan_8-1-1024x633.jpg 1024w, https:\/\/theindianatravel.com\/wp-content\/uploads\/2025\/09\/Paro-Lodge-Amankora-Bhutan_8-1-768x475.jpg 768w, https:\/\/theindianatravel.com\/wp-content\/uploads\/2025\/09\/Paro-Lodge-Amankora-Bhutan_8-1-600x371.jpg 600w\" sizes=\"auto, (max-width: 1440px) 100vw, 1440px\" \/>\t\t\t\t\t<\/a>\n\t\t\t\t\t<\/div>\n        <div class=\"eltd-bli-content\">\n                            <div class=\"eltd-bli-info\">\n\t                09\/29\/2025<div class=\"eltd-post-info-category\">\n    <a href=\"https:\/\/theindianatravel.com\/en\/category\/asia\" rel=\"category tag\">Asia<\/a>, <a href=\"https:\/\/theindianatravel.com\/en\/category\/destinos\" rel=\"category tag\">DESTINATIONS<\/a><\/div>\n                <\/div>\n            \t\n\t        \n<h4 itemprop=\"name\" class=\"entry-title eltd-post-title\" >\n            <a itemprop=\"url\" href=\"https:\/\/theindianatravel.com\/en\/que-ver-en-butan-en-un-viaje-de-lujo-de-10-dias\" title=\"Qu\u00e9 ver en But\u00e1n en un viaje de lujo de 10 d\u00edas\">\n            Qu\u00e9 ver en But\u00e1n en un viaje de lujo de 10 d\u00edas            <\/a>\n    <\/h4>\t\n\t        <div class=\"eltd-bli-excerpt\">\n\t\t        \t\t        \t        <\/div>\n\t        <div class=\"eltd-post-info-author\">\n    <span class=\"eltd-post-info-author-text\">\n        By    <\/span>\n    <a itemprop=\"author\" class=\"eltd-post-info-author-link\" href=\"https:\/\/theindianatravel.com\/en\/author\/carolina-estelle\">\n        Carolina Estell\u00e9    <\/a>\n<\/div>        <\/div>\n\t<\/div>\n<\/li><li class=\"eltd-bl-item eltd-item-space clearfix\">\n\t<div class=\"eltd-bli-inner\">\n\t\t\n\t<div class=\"eltd-post-image\">\n\t\t\t\t\t<a itemprop=\"url\" href=\"https:\/\/theindianatravel.com\/en\/viajar-a-peru-en-clave-de-lujo\" title=\"Viajar a Per\u00fa en clave de lujo\">\n\t\t\t\t\t<img loading=\"lazy\" decoding=\"async\" width=\"1920\" height=\"1292\" src=\"https:\/\/theindianatravel.com\/wp-content\/uploads\/2025\/09\/cirqa-Peru.jpeg\" class=\"attachment-full size-full wp-post-image\" alt=\"PERU - INDIANA TRAVEL\" srcset=\"https:\/\/theindianatravel.com\/wp-content\/uploads\/2025\/09\/cirqa-Peru.jpeg 1920w, https:\/\/theindianatravel.com\/wp-content\/uploads\/2025\/09\/cirqa-Peru-300x202.jpeg 300w, https:\/\/theindianatravel.com\/wp-content\/uploads\/2025\/09\/cirqa-Peru-1024x689.jpeg 1024w, https:\/\/theindianatravel.com\/wp-content\/uploads\/2025\/09\/cirqa-Peru-768x517.jpeg 768w, https:\/\/theindianatravel.com\/wp-content\/uploads\/2025\/09\/cirqa-Peru-1536x1034.jpeg 1536w, https:\/\/theindianatravel.com\/wp-content\/uploads\/2025\/09\/cirqa-Peru-600x404.jpeg 600w\" sizes=\"auto, (max-width: 1920px) 100vw, 1920px\" \/>\t\t\t\t\t<\/a>\n\t\t\t\t\t<\/div>\n        <div class=\"eltd-bli-content\">\n                            <div class=\"eltd-bli-info\">\n\t                09\/29\/2025<div class=\"eltd-post-info-category\">\n    <a href=\"https:\/\/theindianatravel.com\/en\/category\/asia\" rel=\"category tag\">Asia<\/a>, <a href=\"https:\/\/theindianatravel.com\/en\/category\/destinos\" rel=\"category tag\">DESTINATIONS<\/a><\/div>\n                <\/div>\n            \t\n\t        \n<h4 itemprop=\"name\" class=\"entry-title eltd-post-title\" >\n            <a itemprop=\"url\" href=\"https:\/\/theindianatravel.com\/en\/viajar-a-peru-en-clave-de-lujo\" title=\"Viajar a Per\u00fa en clave de lujo\">\n            Viajar a Per\u00fa en clave de lujo            <\/a>\n    <\/h4>\t\n\t        <div class=\"eltd-bli-excerpt\">\n\t\t        \t\t        \t        <\/div>\n\t        <div class=\"eltd-post-info-author\">\n    <span class=\"eltd-post-info-author-text\">\n        By    <\/span>\n    <a itemprop=\"author\" class=\"eltd-post-info-author-link\" href=\"https:\/\/theindianatravel.com\/en\/author\/carolina-estelle\">\n        Carolina Estell\u00e9    <\/a>\n<\/div>        <\/div>\n\t<\/div>\n<\/li><li class=\"eltd-bl-item eltd-item-space clearfix\">\n\t<div class=\"eltd-bli-inner\">\n\t\t\n\t<div class=\"eltd-post-image\">\n\t\t\t\t\t<a itemprop=\"url\" href=\"https:\/\/theindianatravel.com\/en\/japon-en-modo-slow-travel\" title=\"Jap\u00f3n en modo slow travel: un itinerario de lujo m\u00e1s all\u00e1 de Tokyo y Kyoto\">\n\t\t\t\t\t<img loading=\"lazy\" decoding=\"async\" width=\"2048\" height=\"1364\" src=\"https:\/\/theindianatravel.com\/wp-content\/uploads\/2025\/09\/tyonz-tea-6302-Classic-Hor.jpg\" class=\"attachment-full size-full wp-post-image\" alt=\"JAP\u00d3N SHIBUI\" srcset=\"https:\/\/theindianatravel.com\/wp-content\/uploads\/2025\/09\/tyonz-tea-6302-Classic-Hor.jpg 2048w, https:\/\/theindianatravel.com\/wp-content\/uploads\/2025\/09\/tyonz-tea-6302-Classic-Hor-300x200.jpg 300w, https:\/\/theindianatravel.com\/wp-content\/uploads\/2025\/09\/tyonz-tea-6302-Classic-Hor-1024x682.jpg 1024w, https:\/\/theindianatravel.com\/wp-content\/uploads\/2025\/09\/tyonz-tea-6302-Classic-Hor-768x512.jpg 768w, https:\/\/theindianatravel.com\/wp-content\/uploads\/2025\/09\/tyonz-tea-6302-Classic-Hor-1536x1023.jpg 1536w, https:\/\/theindianatravel.com\/wp-content\/uploads\/2025\/09\/tyonz-tea-6302-Classic-Hor-600x400.jpg 600w\" sizes=\"auto, (max-width: 2048px) 100vw, 2048px\" \/>\t\t\t\t\t<\/a>\n\t\t\t\t\t<\/div>\n        <div class=\"eltd-bli-content\">\n                            <div class=\"eltd-bli-info\">\n\t                09\/30\/2025<div class=\"eltd-post-info-category\">\n    <a href=\"https:\/\/theindianatravel.com\/en\/category\/asia\" rel=\"category tag\">Asia<\/a>, <a href=\"https:\/\/theindianatravel.com\/en\/category\/destinos\" rel=\"category tag\">DESTINATIONS<\/a><\/div>\n                <\/div>\n            \t\n\t        \n<h4 itemprop=\"name\" class=\"entry-title eltd-post-title\" >\n            <a itemprop=\"url\" href=\"https:\/\/theindianatravel.com\/en\/japon-en-modo-slow-travel\" title=\"Jap\u00f3n en modo slow travel: un itinerario de lujo m\u00e1s all\u00e1 de Tokyo y Kyoto\">\n            Jap\u00f3n en modo slow travel: un itinerario de lujo m\u00e1s all\u00e1 de Tokyo y Kyoto            <\/a>\n    <\/h4>\t\n\t        <div class=\"eltd-bli-excerpt\">\n\t\t        \t\t        \t        <\/div>\n\t        <div class=\"eltd-post-info-author\">\n    <span class=\"eltd-post-info-author-text\">\n        By    <\/span>\n    <a itemprop=\"author\" class=\"eltd-post-info-author-link\" href=\"https:\/\/theindianatravel.com\/en\/author\/theindiana\">\n        THEINDIANA    <\/a>\n<\/div>        <\/div>\n\t<\/div>\n<\/li>\t\t<\/ul>\n\t<\/div>\n\t<\/div><\/div><\/div><\/div><\/div><\/div><\/div>\n<\/div>","protected":false},"excerpt":{"rendered":"Jap\u00f3n en modo slow travel: un itinerario de lujo m\u00e1s all\u00e1 de Tokio y Kioto Viajar a Jap\u00f3n siempre hab\u00eda sido un sue\u00f1o. No ese Jap\u00f3n de postal que se agota en Tokio y Kioto, sino otro m\u00e1s \u00edntimo, silencioso [...]","protected":false},"author":1,"featured_media":0,"parent":0,"menu_order":0,"comment_status":"closed","ping_status":"closed","template":"full-width.php","meta":{"footnotes":""},"class_list":["post-8009","page","type-page","status-publish","hentry"],"yoast_head":"<!-- This site is optimized with the Yoast SEO plugin v27.4 - https:\/\/yoast.com\/product\/yoast-seo-wordpress\/ -->\n<title>La mirada Indiana - INDIANA<\/title>\n<meta name=\"description\" content=\"Inspiraci\u00f3n a viajar con intenci\u00f3n. En nuestro blog encontrar\u00e1s relatos, destinos \u00fanicos, hoteles con alma y experiencias elegantes de viajar despacio.\" \/>\n<meta name=\"robots\" content=\"index, follow, max-snippet:-1, max-image-preview:large, max-video-preview:-1\" \/>\n<link rel=\"canonical\" href=\"https:\/\/theindianatravel.com\/en\/la-mirada-indiana\/\" \/>\n<meta property=\"og:locale\" content=\"en_GB\" \/>\n<meta property=\"og:type\" content=\"article\" \/>\n<meta property=\"og:title\" content=\"La mirada Indiana - INDIANA\" \/>\n<meta property=\"og:description\" content=\"Inspiraci\u00f3n a viajar con intenci\u00f3n. En nuestro blog encontrar\u00e1s relatos, destinos \u00fanicos, hoteles con alma y experiencias elegantes de viajar despacio.\" \/>\n<meta property=\"og:url\" content=\"https:\/\/theindianatravel.com\/en\/la-mirada-indiana\/\" \/>\n<meta property=\"og:site_name\" content=\"INDIANA\" \/>\n<meta name=\"twitter:card\" content=\"summary_large_image\" \/>\n<meta name=\"twitter:label1\" content=\"Estimated reading time\" \/>\n\t<meta name=\"twitter:data1\" content=\"1 minute\" \/>\n<script type=\"application\/ld+json\" class=\"yoast-schema-graph\">{\"@context\":\"https:\\\/\\\/schema.org\",\"@graph\":[{\"@type\":\"WebPage\",\"@id\":\"https:\\\/\\\/theindianatravel.com\\\/la-mirada-indiana\",\"url\":\"https:\\\/\\\/theindianatravel.com\\\/la-mirada-indiana\",\"name\":\"La mirada Indiana - INDIANA\",\"isPartOf\":{\"@id\":\"https:\\\/\\\/theindianatravel.com\\\/en\\\/#website\"},\"datePublished\":\"2025-12-08T07:20:00+00:00\",\"description\":\"Inspiraci\u00f3n a viajar con intenci\u00f3n. En nuestro blog encontrar\u00e1s relatos, destinos \u00fanicos, hoteles con alma y experiencias elegantes de viajar despacio.\",\"breadcrumb\":{\"@id\":\"https:\\\/\\\/theindianatravel.com\\\/la-mirada-indiana#breadcrumb\"},\"inLanguage\":\"en-GB\",\"potentialAction\":[{\"@type\":\"ReadAction\",\"target\":[\"https:\\\/\\\/theindianatravel.com\\\/la-mirada-indiana\"]}]},{\"@type\":\"BreadcrumbList\",\"@id\":\"https:\\\/\\\/theindianatravel.com\\\/la-mirada-indiana#breadcrumb\",\"itemListElement\":[{\"@type\":\"ListItem\",\"position\":1,\"name\":\"Portada\",\"item\":\"https:\\\/\\\/theindianatravel.com\\\/en\\\/\"},{\"@type\":\"ListItem\",\"position\":2,\"name\":\"La mirada Indiana\"}]},{\"@type\":\"WebSite\",\"@id\":\"https:\\\/\\\/theindianatravel.com\\\/en\\\/#website\",\"url\":\"https:\\\/\\\/theindianatravel.com\\\/en\\\/\",\"name\":\"INDIANA\",\"description\":\"Travel Experiences\",\"potentialAction\":[{\"@type\":\"SearchAction\",\"target\":{\"@type\":\"EntryPoint\",\"urlTemplate\":\"https:\\\/\\\/theindianatravel.com\\\/en\\\/?s={search_term_string}\"},\"query-input\":{\"@type\":\"PropertyValueSpecification\",\"valueRequired\":true,\"valueName\":\"search_term_string\"}}],\"inLanguage\":\"en-GB\"}]}<\/script>\n<!-- \/ Yoast SEO plugin. -->","yoast_head_json":{"title":"La mirada Indiana - INDIANA","description":"Inspiraci\u00f3n a viajar con intenci\u00f3n. En nuestro blog encontrar\u00e1s relatos, destinos \u00fanicos, hoteles con alma y experiencias elegantes de viajar despacio.","robots":{"index":"index","follow":"follow","max-snippet":"max-snippet:-1","max-image-preview":"max-image-preview:large","max-video-preview":"max-video-preview:-1"},"canonical":"https:\/\/theindianatravel.com\/en\/la-mirada-indiana\/","og_locale":"en_GB","og_type":"article","og_title":"La mirada Indiana - INDIANA","og_description":"Inspiraci\u00f3n a viajar con intenci\u00f3n. En nuestro blog encontrar\u00e1s relatos, destinos \u00fanicos, hoteles con alma y experiencias elegantes de viajar despacio.","og_url":"https:\/\/theindianatravel.com\/en\/la-mirada-indiana\/","og_site_name":"INDIANA","twitter_card":"summary_large_image","twitter_misc":{"Estimated reading time":"1 minute"},"schema":{"@context":"https:\/\/schema.org","@graph":[{"@type":"WebPage","@id":"https:\/\/theindianatravel.com\/la-mirada-indiana","url":"https:\/\/theindianatravel.com\/la-mirada-indiana","name":"La mirada Indiana - INDIANA","isPartOf":{"@id":"https:\/\/theindianatravel.com\/en\/#website"},"datePublished":"2025-12-08T07:20:00+00:00","description":"Inspiraci\u00f3n a viajar con intenci\u00f3n. En nuestro blog encontrar\u00e1s relatos, destinos \u00fanicos, hoteles con alma y experiencias elegantes de viajar despacio.","breadcrumb":{"@id":"https:\/\/theindianatravel.com\/la-mirada-indiana#breadcrumb"},"inLanguage":"en-GB","potentialAction":[{"@type":"ReadAction","target":["https:\/\/theindianatravel.com\/la-mirada-indiana"]}]},{"@type":"BreadcrumbList","@id":"https:\/\/theindianatravel.com\/la-mirada-indiana#breadcrumb","itemListElement":[{"@type":"ListItem","position":1,"name":"Portada","item":"https:\/\/theindianatravel.com\/en\/"},{"@type":"ListItem","position":2,"name":"La mirada Indiana"}]},{"@type":"WebSite","@id":"https:\/\/theindianatravel.com\/en\/#website","url":"https:\/\/theindianatravel.com\/en\/","name":"INDIANA","description":"Travel Experiences","potentialAction":[{"@type":"SearchAction","target":{"@type":"EntryPoint","urlTemplate":"https:\/\/theindianatravel.com\/en\/?s={search_term_string}"},"query-input":{"@type":"PropertyValueSpecification","valueRequired":true,"valueName":"search_term_string"}}],"inLanguage":"en-GB"}]}},"_links":{"self":[{"href":"https:\/\/theindianatravel.com\/en\/wp-json\/wp\/v2\/pages\/8009","targetHints":{"allow":["GET"]}}],"collection":[{"href":"https:\/\/theindianatravel.com\/en\/wp-json\/wp\/v2\/pages"}],"about":[{"href":"https:\/\/theindianatravel.com\/en\/wp-json\/wp\/v2\/types\/page"}],"author":[{"embeddable":true,"href":"https:\/\/theindianatravel.com\/en\/wp-json\/wp\/v2\/users\/1"}],"replies":[{"embeddable":true,"href":"https:\/\/theindianatravel.com\/en\/wp-json\/wp\/v2\/comments?post=8009"}],"version-history":[{"count":2,"href":"https:\/\/theindianatravel.com\/en\/wp-json\/wp\/v2\/pages\/8009\/revisions"}],"predecessor-version":[{"id":8012,"href":"https:\/\/theindianatravel.com\/en\/wp-json\/wp\/v2\/pages\/8009\/revisions\/8012"}],"wp:attachment":[{"href":"https:\/\/theindianatravel.com\/en\/wp-json\/wp\/v2\/media?parent=8009"}],"curies":[{"name":"wp","href":"https:\/\/api.w.org\/{rel}","templated":true}]}}