{"id":7792,"date":"2025-10-30T12:01:00","date_gmt":"2025-10-30T11:01:00","guid":{"rendered":"https:\/\/theindianatravel.com\/?page_id=7792"},"modified":"2025-11-05T10:36:23","modified_gmt":"2025-11-05T09:36:23","slug":"honeymoon","status":"publish","type":"page","link":"https:\/\/theindianatravel.com\/en\/honeymoon","title":{"rendered":"HONEYMOON"},"content":{"rendered":"<div class=\"wpb-content-wrapper\"><div class=\"vc_row wpb_row vc_row-fluid\" ><div class=\"wpb_column vc_column_container vc_col-sm-2\"><div class=\"vc_column-inner\"><div class=\"wpb_wrapper\"><\/div><\/div><\/div><div class=\"wpb_column vc_column_container vc_col-sm-8\"><div class=\"vc_column-inner\"><div class=\"wpb_wrapper\"><div class=\"vc_empty_space\"   style=\"height: 32px\"><span class=\"vc_empty_space_inner\"><\/span><\/div>\n\t<div  class=\"wpb_single_image wpb_content_element vc_align_center wpb_content_element\">\n\t\t\n\t\t<figure class=\"wpb_wrapper vc_figure\">\n\t\t\t<div class=\"vc_single_image-wrapper   vc_box_border_grey\"><img decoding=\"async\" class=\"vc_single_image-img\" src=\"https:\/\/theindianatravel.com\/wp-content\/uploads\/2025\/07\/LOGO-INDIANA_ISOTIPO-e1753434674482-100x100.png\" width=\"100\" height=\"100\" alt=\"LOGO INDIANA_ISOTIPO\" title=\"LOGO INDIANA_ISOTIPO\" loading=\"lazy\" \/><\/div>\n\t\t<\/figure>\n\t<\/div>\n<div class=\"vc_empty_space\"   style=\"height: 32px\"><span class=\"vc_empty_space_inner\"><\/span><\/div>\n\t<div class=\"wpb_text_column wpb_content_element\" >\n\t\t<div class=\"wpb_wrapper\">\n\t\t\t<p style=\"text-align: center;\" data-start=\"634\" data-end=\"831\"><span style=\"font-size: 18px;\">La <strong data-start=\"637\" data-end=\"653\">luna de miel<\/strong> no es un viaje cualquiera: es <em data-start=\"684\" data-end=\"716\">el viaje que marca un comienzo<\/em>.<\/span><br data-start=\"717\" data-end=\"720\" \/><span style=\"font-size: 18px;\">Un tiempo para detener el mundo, celebrar el amor y descubrir juntos lugares que dejar\u00e1n huella para siempre.<\/span><\/p>\n<p style=\"text-align: center;\" data-start=\"833\" data-end=\"1071\"><span style=\"font-size: 18px;\">En <strong data-start=\"836\" data-end=\"847\">Indiana<\/strong> dise\u00f1amos <strong data-start=\"858\" data-end=\"878\">viajes de novios<\/strong> con calma, belleza y autenticidad. Creamos <strong data-start=\"922\" data-end=\"952\">viajes rom\u00e1nticos a medida<\/strong> en <strong data-start=\"956\" data-end=\"979\">destinos exclusivos<\/strong>, con <strong data-start=\"985\" data-end=\"1008\">experiencias \u00fanicas<\/strong> y alojamientos con alma que no se encuentran en un cat\u00e1logo.<\/span><\/p>\n<p style=\"text-align: center;\" data-start=\"1073\" data-end=\"1277\"><span style=\"font-size: 18px;\">Aqu\u00ed no existen programas est\u00e1ndar ni viajes empaquetados. Cada luna de miel nace de vosotros: de vuestras pasiones, vuestros sue\u00f1os y la forma en que quer\u00e9is recordar este cap\u00edtulo de vuestra historia.<\/span><\/p>\n<p style=\"text-align: center;\" data-start=\"1279\" data-end=\"1363\"><span style=\"font-size: 18px;\">Porque ninguna pareja es igual\u2026 y <strong data-start=\"1313\" data-end=\"1340\">vuestro viaje de novios<\/strong> tampoco deber\u00eda serlo.<\/span><\/p>\n\n\t\t<\/div>\n\t<\/div>\n<div class=\"vc_empty_space\"   style=\"height: 32px\"><span class=\"vc_empty_space_inner\"><\/span><\/div><div class=\"eltd-animation-holder eltd-grow-in\" data-animation=\"eltd-grow-in\" data-animation-delay=\"\"><div class=\"eltd-animation-inner\"><\/div><\/div><div class=\"vc_empty_space\"   style=\"height: 32px\"><span class=\"vc_empty_space_inner\"><\/span><\/div><\/div><\/div><\/div><div class=\"wpb_column vc_column_container vc_col-sm-2\"><div class=\"vc_column-inner\"><div class=\"wpb_wrapper\"><\/div><\/div><\/div><\/div><div class=\"vc_row wpb_row vc_row-fluid\" ><div class=\"wpb_column vc_column_container vc_col-sm-12\"><div class=\"vc_column-inner\"><div class=\"wpb_wrapper\"><h1 class=\"eltd-custom-font-holder  eltd-cf-8122\" style=\"text-align: center\" data-item-class=\"eltd-cf-8122\">\n\t\u00bfC\u00f3mo trabajamos las lunas de miel en Indiana?<\/h1><div class=\"vc_empty_space\"   style=\"height: 32px\"><span class=\"vc_empty_space_inner\"><\/span><\/div><\/div><\/div><\/div><\/div><div class=\"vc_row wpb_row vc_row-fluid\" ><div class=\"wpb_column vc_column_container vc_col-sm-6\"><div class=\"vc_column-inner\"><div class=\"wpb_wrapper\">\n\t<div  class=\"wpb_single_image wpb_content_element vc_align_center wpb_content_element\">\n\t\t\n\t\t<figure class=\"wpb_wrapper vc_figure\">\n\t\t\t<div class=\"vc_single_image-wrapper   vc_box_border_grey\"><img decoding=\"async\" class=\"vc_single_image-img\" src=\"https:\/\/theindianatravel.com\/wp-content\/uploads\/2025\/10\/PASO-A-PASO-HONEYMOON-700x900.png\" width=\"700\" height=\"900\" alt=\"PASO A PASO HONEYMOON\" title=\"PASO A PASO HONEYMOON\" loading=\"lazy\" \/><\/div>\n\t\t<\/figure>\n\t<\/div>\n<\/div><\/div><\/div><div class=\"wpb_column vc_column_container vc_col-sm-6\"><div class=\"vc_column-inner vc_custom_1761729724434\"><div class=\"wpb_wrapper\">\n\t<div  class=\"wpb_single_image wpb_content_element vc_align_center wpb_content_element\">\n\t\t\n\t\t<figure class=\"wpb_wrapper vc_figure\">\n\t\t\t<div class=\"vc_single_image-wrapper   vc_box_border_grey\"><img decoding=\"async\" class=\"vc_single_image-img\" src=\"https:\/\/theindianatravel.com\/wp-content\/uploads\/2025\/10\/Sussurro-Mozambique-bed-Mood-1-Low-Res-scaled-700x900.jpg\" width=\"700\" height=\"900\" alt=\"LUNAS DE MIEL - INDIANA TRAVEL\" title=\"LUNAS DE MIEL - INDIANA TRAVEL\" loading=\"lazy\" \/><\/div>\n\t\t<\/figure>\n\t<\/div>\n<\/div><\/div><\/div><\/div><div class=\"vc_row wpb_row vc_row-fluid\" ><div class=\"wpb_column vc_column_container vc_col-sm-12\"><div class=\"vc_column-inner\"><div class=\"wpb_wrapper\"><div class=\"vc_empty_space\"   style=\"height: 50px\"><span class=\"vc_empty_space_inner\"><\/span><\/div><\/div><\/div><\/div><\/div><div class=\"vc_row wpb_row vc_row-fluid\" ><div class=\"wpb_column vc_column_container vc_col-sm-12\"><div class=\"vc_column-inner\"><div class=\"wpb_wrapper\"><div class=\"vc_empty_space\"   style=\"height: 32px\"><span class=\"vc_empty_space_inner\"><\/span><\/div><div class=\"vc_btn3-container  wpb_animate_when_almost_visible wpb_bounceIn bounceIn vc_btn3-center vc_do_btn\" ><a onmouseleave=\"this.style.borderColor='#000000'; this.style.backgroundColor='transparent'; this.style.color='#000000'\" onmouseenter=\"this.style.borderColor='#976652'; this.style.backgroundColor='#976652'; this.style.color='#fff';\" style=\"border-color:#000000; color:#000000;\" class=\"vc_general vc_btn3 vc_btn3-size-lg vc_btn3-shape-square vc_btn3-style-outline-custom\" href=\"https:\/\/theindianatravel.com\/en\/contacto\/\" title=\"CONTACT\">COMENZAR A DISE\u00d1AR MI LUNA DE MIEL<\/a><\/div><div class=\"vc_empty_space\"   style=\"height: 32px\"><span class=\"vc_empty_space_inner\"><\/span><\/div><\/div><\/div><\/div><\/div><div class=\"vc_row wpb_row vc_row-fluid\" ><div class=\"wpb_column vc_column_container vc_col-sm-12\"><div class=\"vc_column-inner\"><div class=\"wpb_wrapper\"><div class=\"vc_empty_space\"   style=\"height: 32px\"><span class=\"vc_empty_space_inner\"><\/span><\/div><\/div><\/div><\/div><\/div><div class=\"vc_row wpb_row vc_row-fluid\" ><div class=\"wpb_column vc_column_container vc_col-sm-12\"><div class=\"vc_column-inner\"><div class=\"wpb_wrapper\"><h2 class=\"eltd-custom-font-holder  eltd-cf-9063\" style=\"text-align: center\" data-item-class=\"eltd-cf-9063\">\n\tNUESTROS COMBINADOS<\/h2><div class=\"vc_empty_space\"   style=\"height: 32px\"><span class=\"vc_empty_space_inner\"><\/span><\/div><\/div><\/div><\/div><\/div><div class=\"vc_row wpb_row vc_row-fluid vc_custom_1761841867326\" ><div class=\"wpb_column vc_column_container vc_col-sm-6\"><div class=\"vc_column-inner\"><div class=\"wpb_wrapper\"><div class=\"eltd-image-with-text-holder\">\n    <div class=\"eltd-iwt-image\">\n                                    <img loading=\"lazy\" decoding=\"async\" src=\"https:\/\/theindianatravel.com\/wp-content\/uploads\/2025\/10\/Sunset-Firepit-800x500.jpg\" alt=\"CANAD\u00c1 Y POLINESIA FRANCESA - INDIANA TRAVEL\" width=\"800\" height=\"500\" \/>                        <\/div>\n    <div class=\"eltd-iwt-text-holder\">\n                    <h3 class=\"eltd-iwt-title\" >CANAD\u00c1 &amp; POLINESIA FRANCESA<\/h3>\n                            <h4 class=\"eltd-iwt-subtitle\" >De los bosques sagrados al sue\u00f1o azul del Sur<\/h4>\n        \t\t            <p class=\"eltd-iwt-text\" >Una luna de miel de lujo en Canad\u00e1 y Polinesia Francesa que comienza en una caba\u00f1a remota entre bosques, lagos y cascadas \u2014y termina sobre las aguas turquesas de Bora Bora y una isla secreta del Pac\u00edfico Sur, en villas sobre el mar y calma infinita. Aventura silenciosa, naturaleza inmensa y el romance m\u00e1s puro entre los mares del Sur.<\/p>\n            <\/div>\n<\/div><div class=\"vc_empty_space\"   style=\"height: 32px\"><span class=\"vc_empty_space_inner\"><\/span><\/div><\/div><\/div><\/div><div class=\"wpb_column vc_column_container vc_col-sm-6\"><div class=\"vc_column-inner\"><div class=\"wpb_wrapper\"><div class=\"eltd-image-with-text-holder\">\n    <div class=\"eltd-iwt-image\">\n                                    <img loading=\"lazy\" decoding=\"async\" src=\"https:\/\/theindianatravel.com\/wp-content\/uploads\/2025\/01\/Amankora-Bhutan-Experience-Excursion-Punakha-Dzong-Catilevered-Bridge-with-Monks-scaled-800x500.jpg\" alt=\"BUT\u00c1N -AMANKORA- THE INDIANA EXPERIENCE\" width=\"800\" height=\"500\" \/>                        <\/div>\n    <div class=\"eltd-iwt-text-holder\">\n                    <h3 class=\"eltd-iwt-title\" >BUT\u00c1N &amp; MALDIVAS<\/h3>\n                            <h4 class=\"eltd-iwt-subtitle\" >La paz del Himalaya, la suavidad del \u00cdndico.<\/h4>\n        \t\t            <p class=\"eltd-iwt-text\" >Descubrid But\u00e1n, el pa\u00eds de la felicidad, entre monta\u00f1as sagradas, monasterios suspendidos y la serenidad de los monjes budistas. Un viaje \u00edntimo al coraz\u00f3n del Himalaya y a una forma de vida donde el tiempo se vive con calma. Despu\u00e9s, el para\u00edso absoluto: Maldivas, con playas de arena blanca, aguas turquesas, vida marina fascinante y villas privadas sobre el oc\u00e9ano. Una luna de miel que une espiritualidad, naturaleza y descanso en dos destinos \u00fanicos en el mundo.<\/p>\n            <\/div>\n<\/div><div class=\"vc_empty_space\"   style=\"height: 32px\"><span class=\"vc_empty_space_inner\"><\/span><\/div><\/div><\/div><\/div><\/div><div class=\"vc_row wpb_row vc_row-fluid vc_custom_1761841867326\" ><div class=\"wpb_column vc_column_container vc_col-sm-6\"><div class=\"vc_column-inner\"><div class=\"wpb_wrapper\"><div class=\"eltd-image-with-text-holder\">\n    <div class=\"eltd-iwt-image\">\n                                    <img loading=\"lazy\" decoding=\"async\" src=\"https:\/\/theindianatravel.com\/wp-content\/uploads\/2025\/10\/Zannier-Hotels-Sonop-Bathroom-3-@tibodhermy-for-Zannier-Hotels-scaled-1-800x500.jpg\" alt=\"NAMIBIA - INDIANA TRAVEL\" width=\"800\" height=\"500\" \/>                        <\/div>\n    <div class=\"eltd-iwt-text-holder\">\n                    <h3 class=\"eltd-iwt-title\" >NAMIBIA &amp; MOZAMBIQUE<\/h3>\n                            <h4 class=\"eltd-iwt-subtitle\" >Silencio, horizonte y para\u00edso<\/h4>\n        \t\t            <p class=\"eltd-iwt-text\" >Comenzad vuestra luna de miel explorando Namibia, donde las dunas rojizas del desierto se funden con el horizonte y el tiempo parece detenerse. Atardeceres infinitos, safaris privados, cielos estrellados y lodges exclusivos en plena naturaleza salvaje. Despu\u00e9s, dejad que el viaje os lleve a Mozambique, un para\u00edso \u00edntimo del Oc\u00e9ano \u00cdndico: playas v\u00edrgenes, aguas cristalinas, arrecifes llenos de vida marina y villas privadas junto al mar. Una combinaci\u00f3n \u00fanica para parejas que buscan aventura, calma absoluta y un lujo natural y aut\u00e9ntico en dos destinos extraordinarios.<\/p>\n            <\/div>\n<\/div><div class=\"vc_empty_space\"   style=\"height: 32px\"><span class=\"vc_empty_space_inner\"><\/span><\/div><\/div><\/div><\/div><div class=\"wpb_column vc_column_container vc_col-sm-6\"><div class=\"vc_column-inner\"><div class=\"wpb_wrapper\"><div class=\"eltd-image-with-text-holder\">\n    <div class=\"eltd-iwt-image\">\n                                    <img loading=\"lazy\" decoding=\"async\" src=\"https:\/\/theindianatravel.com\/wp-content\/uploads\/2025\/10\/jay-SsYjyVXGT1o-unsplash-scaled-800x500.jpg\" alt=\"JAPON LUNA DE MIEL - INDIANA TRAVEL\" width=\"800\" height=\"500\" \/>                        <\/div>\n    <div class=\"eltd-iwt-text-holder\">\n                    <h3 class=\"eltd-iwt-title\" >JAP\u00d3N &amp; FILIPINAS<\/h3>\n                            <h4 class=\"eltd-iwt-subtitle\" >Donde la elegancia se encuentra con el para\u00edso.<\/h4>\n        \t\t            <p class=\"eltd-iwt-text\" >Perderse entre templos antiguos, caminar por barrios donde cada detalle cuenta y dormir en un ryokan donde el silencio acompa\u00f1a. Saborear platos que parecen peque\u00f1os rituales y descubrir que la belleza tambi\u00e9n es calma. Despu\u00e9s, volar hacia aguas transparentes y arenas blancas, donde cada d\u00eda empieza con el sonido del mar y acaba bajo un cielo estrellado. Villas privadas, snorkel entre corales y atardeceres que invitan a parar el tiempo y simplemente estar juntos.<\/p>\n            <\/div>\n<\/div><div class=\"vc_empty_space\"   style=\"height: 32px\"><span class=\"vc_empty_space_inner\"><\/span><\/div><\/div><\/div><\/div><\/div><div class=\"vc_row wpb_row vc_row-fluid\" ><div class=\"wpb_column vc_column_container vc_col-sm-12\"><div class=\"vc_column-inner\"><div class=\"wpb_wrapper\"><div class=\"vc_empty_space\"   style=\"height: 32px\"><span class=\"vc_empty_space_inner\"><\/span><\/div><div class=\"vc_btn3-container  wpb_animate_when_almost_visible wpb_bounceIn bounceIn vc_btn3-center vc_do_btn\" ><a onmouseleave=\"this.style.borderColor='#000000'; this.style.backgroundColor='transparent'; this.style.color='#000000'\" onmouseenter=\"this.style.borderColor='#976652'; this.style.backgroundColor='#976652'; this.style.color='#fff';\" style=\"border-color:#000000; color:#000000;\" class=\"vc_general vc_btn3 vc_btn3-size-lg vc_btn3-shape-square vc_btn3-style-outline-custom\" href=\"https:\/\/theindianatravel.com\/en\/contacto\/\" title=\"CONTACT\">COMENZAR A DISE\u00d1AR MI LUNA DE MIEL<\/a><\/div><div class=\"vc_empty_space\"   style=\"height: 32px\"><span class=\"vc_empty_space_inner\"><\/span><\/div><\/div><\/div><\/div><\/div><div class=\"vc_row wpb_row vc_row-fluid\" ><div class=\"wpb_column vc_column_container vc_col-sm-12\"><div class=\"vc_column-inner\"><div class=\"wpb_wrapper\"><div class=\"vc_empty_space\"   style=\"height: 50px\"><span class=\"vc_empty_space_inner\"><\/span><\/div><\/div><\/div><\/div><\/div><div data-vc-full-width=\"true\" data-vc-full-width-init=\"false\" data-vc-parallax=\"1.5\" class=\"vc_row wpb_row vc_row-fluid vc_custom_1761205725151 vc_row-has-fill vc_general vc_parallax vc_parallax-content-moving\" ><div class=\"wpb_column vc_column_container vc_col-sm-6\"><div class=\"vc_column-inner\"><div class=\"wpb_wrapper\"><\/div><\/div><\/div><div class=\"wpb_column vc_column_container vc_col-sm-6\"><div class=\"vc_column-inner\"><div class=\"wpb_wrapper\"><h1 style=\"font-size: 60px;color: #ffffff;text-align: right\" class=\"vc_custom_heading vc_do_custom_heading\" >Are you getting married in 2026?<\/h1>\n\t<div class=\"wpb_text_column wpb_content_element\" >\n\t\t<div class=\"wpb_wrapper\">\n\t\t\t<p style=\"text-align: right;\"><span style=\"color: #ffffff;\"><strong>We\u2019ve created the ultimate guide to planning your honeymoon step by step. Get inspired by unique combinations of luxury destinations and start shaping the journey of your dreams.<\/strong><\/span><\/p>\n<p style=\"text-align: right;\"><span style=\"color: #ffffff;\"><strong>Download our 2026 proposals<\/strong><\/span><\/p>\n\n\t\t<\/div>\n\t<\/div>\n<div class=\"vc_empty_space\"   style=\"height: 32px\"><span class=\"vc_empty_space_inner\"><\/span><\/div><div class=\"vc_btn3-container  get_my_copy vc_btn3-right vc_do_btn\" ><a class=\"vc_general vc_btn3 vc_btn3-size-md vc_btn3-shape-round vc_btn3-style-outline vc_btn3-color-white\" href=\"https:\/\/subscribepage.io\/guia-luna-de-miel\" title=\"\">DOWNLOAD<\/a><\/div><\/div><\/div><\/div><\/div><div class=\"vc_row-full-width vc_clearfix\"><\/div>\n<\/div>","protected":false},"excerpt":{"rendered":"La luna de miel no es un viaje cualquiera: es el viaje que marca un comienzo.Un tiempo para detener el mundo, celebrar el amor y descubrir juntos lugares que dejar\u00e1n huella para siempre. En Indiana dise\u00f1amos viajes de novios con [...]","protected":false},"author":1,"featured_media":0,"parent":0,"menu_order":0,"comment_status":"closed","ping_status":"closed","template":"full-width.php","meta":{"footnotes":""},"class_list":["post-7792","page","type-page","status-publish","hentry"],"yoast_head":"<!-- This site is optimized with the Yoast SEO plugin v27.4 - https:\/\/yoast.com\/product\/yoast-seo-wordpress\/ -->\n<title>HONEYMOON - INDIANA<\/title>\n<meta name=\"description\" content=\"Inspiraci\u00f3n a viajar con intenci\u00f3n. En nuestro blog encontrar\u00e1s relatos, destinos \u00fanicos, hoteles con alma y experiencias elegantes de viajar despacio.\" \/>\n<meta name=\"robots\" content=\"index, follow, max-snippet:-1, max-image-preview:large, max-video-preview:-1\" \/>\n<link rel=\"canonical\" href=\"https:\/\/theindianatravel.com\/en\/honeymoon\" \/>\n<meta property=\"og:locale\" content=\"en_GB\" \/>\n<meta property=\"og:type\" content=\"article\" \/>\n<meta property=\"og:title\" content=\"HONEYMOON - INDIANA\" \/>\n<meta property=\"og:description\" content=\"Inspiraci\u00f3n a viajar con intenci\u00f3n. En nuestro blog encontrar\u00e1s relatos, destinos \u00fanicos, hoteles con alma y experiencias elegantes de viajar despacio.\" \/>\n<meta property=\"og:url\" content=\"https:\/\/theindianatravel.com\/en\/honeymoon\" \/>\n<meta property=\"og:site_name\" content=\"INDIANA\" \/>\n<meta property=\"article:modified_time\" content=\"2025-11-05T09:36:23+00:00\" \/>\n<meta name=\"twitter:card\" content=\"summary_large_image\" \/>\n<meta name=\"twitter:label1\" content=\"Estimated reading time\" \/>\n\t<meta name=\"twitter:data1\" content=\"3 minutes\" \/>\n<script type=\"application\/ld+json\" class=\"yoast-schema-graph\">{\"@context\":\"https:\\\/\\\/schema.org\",\"@graph\":[{\"@type\":\"WebPage\",\"@id\":\"https:\\\/\\\/theindianatravel.com\\\/en\\\/honeymoon\",\"url\":\"https:\\\/\\\/theindianatravel.com\\\/en\\\/honeymoon\",\"name\":\"HONEYMOON - INDIANA\",\"isPartOf\":{\"@id\":\"https:\\\/\\\/theindianatravel.com\\\/#website\"},\"datePublished\":\"2025-10-30T11:01:00+00:00\",\"dateModified\":\"2025-11-05T09:36:23+00:00\",\"description\":\"Inspiraci\u00f3n a viajar con intenci\u00f3n. En nuestro blog encontrar\u00e1s relatos, destinos \u00fanicos, hoteles con alma y experiencias elegantes de viajar despacio.\",\"breadcrumb\":{\"@id\":\"https:\\\/\\\/theindianatravel.com\\\/en\\\/honeymoon#breadcrumb\"},\"inLanguage\":\"en-GB\",\"potentialAction\":[{\"@type\":\"ReadAction\",\"target\":[\"https:\\\/\\\/theindianatravel.com\\\/en\\\/honeymoon\"]}]},{\"@type\":\"BreadcrumbList\",\"@id\":\"https:\\\/\\\/theindianatravel.com\\\/en\\\/honeymoon#breadcrumb\",\"itemListElement\":[{\"@type\":\"ListItem\",\"position\":1,\"name\":\"Portada\",\"item\":\"https:\\\/\\\/theindianatravel.com\\\/en\\\/\"},{\"@type\":\"ListItem\",\"position\":2,\"name\":\"HONEYMOON\"}]},{\"@type\":\"WebSite\",\"@id\":\"https:\\\/\\\/theindianatravel.com\\\/#website\",\"url\":\"https:\\\/\\\/theindianatravel.com\\\/\",\"name\":\"INDIANA\",\"description\":\"Travel Experiences\",\"potentialAction\":[{\"@type\":\"SearchAction\",\"target\":{\"@type\":\"EntryPoint\",\"urlTemplate\":\"https:\\\/\\\/theindianatravel.com\\\/?s={search_term_string}\"},\"query-input\":{\"@type\":\"PropertyValueSpecification\",\"valueRequired\":true,\"valueName\":\"search_term_string\"}}],\"inLanguage\":\"en-GB\"}]}<\/script>\n<!-- \/ Yoast SEO plugin. -->","yoast_head_json":{"title":"HONEYMOON - INDIANA","description":"Inspiraci\u00f3n a viajar con intenci\u00f3n. En nuestro blog encontrar\u00e1s relatos, destinos \u00fanicos, hoteles con alma y experiencias elegantes de viajar despacio.","robots":{"index":"index","follow":"follow","max-snippet":"max-snippet:-1","max-image-preview":"max-image-preview:large","max-video-preview":"max-video-preview:-1"},"canonical":"https:\/\/theindianatravel.com\/en\/honeymoon","og_locale":"en_GB","og_type":"article","og_title":"HONEYMOON - INDIANA","og_description":"Inspiraci\u00f3n a viajar con intenci\u00f3n. En nuestro blog encontrar\u00e1s relatos, destinos \u00fanicos, hoteles con alma y experiencias elegantes de viajar despacio.","og_url":"https:\/\/theindianatravel.com\/en\/honeymoon","og_site_name":"INDIANA","article_modified_time":"2025-11-05T09:36:23+00:00","twitter_card":"summary_large_image","twitter_misc":{"Estimated reading time":"3 minutes"},"schema":{"@context":"https:\/\/schema.org","@graph":[{"@type":"WebPage","@id":"https:\/\/theindianatravel.com\/en\/honeymoon","url":"https:\/\/theindianatravel.com\/en\/honeymoon","name":"HONEYMOON - INDIANA","isPartOf":{"@id":"https:\/\/theindianatravel.com\/#website"},"datePublished":"2025-10-30T11:01:00+00:00","dateModified":"2025-11-05T09:36:23+00:00","description":"Inspiraci\u00f3n a viajar con intenci\u00f3n. En nuestro blog encontrar\u00e1s relatos, destinos \u00fanicos, hoteles con alma y experiencias elegantes de viajar despacio.","breadcrumb":{"@id":"https:\/\/theindianatravel.com\/en\/honeymoon#breadcrumb"},"inLanguage":"en-GB","potentialAction":[{"@type":"ReadAction","target":["https:\/\/theindianatravel.com\/en\/honeymoon"]}]},{"@type":"BreadcrumbList","@id":"https:\/\/theindianatravel.com\/en\/honeymoon#breadcrumb","itemListElement":[{"@type":"ListItem","position":1,"name":"Portada","item":"https:\/\/theindianatravel.com\/en\/"},{"@type":"ListItem","position":2,"name":"HONEYMOON"}]},{"@type":"WebSite","@id":"https:\/\/theindianatravel.com\/#website","url":"https:\/\/theindianatravel.com\/","name":"INDIANA","description":"Travel Experiences","potentialAction":[{"@type":"SearchAction","target":{"@type":"EntryPoint","urlTemplate":"https:\/\/theindianatravel.com\/?s={search_term_string}"},"query-input":{"@type":"PropertyValueSpecification","valueRequired":true,"valueName":"search_term_string"}}],"inLanguage":"en-GB"}]}},"_links":{"self":[{"href":"https:\/\/theindianatravel.com\/en\/wp-json\/wp\/v2\/pages\/7792","targetHints":{"allow":["GET"]}}],"collection":[{"href":"https:\/\/theindianatravel.com\/en\/wp-json\/wp\/v2\/pages"}],"about":[{"href":"https:\/\/theindianatravel.com\/en\/wp-json\/wp\/v2\/types\/page"}],"author":[{"embeddable":true,"href":"https:\/\/theindianatravel.com\/en\/wp-json\/wp\/v2\/users\/1"}],"replies":[{"embeddable":true,"href":"https:\/\/theindianatravel.com\/en\/wp-json\/wp\/v2\/comments?post=7792"}],"version-history":[{"count":137,"href":"https:\/\/theindianatravel.com\/en\/wp-json\/wp\/v2\/pages\/7792\/revisions"}],"predecessor-version":[{"id":7950,"href":"https:\/\/theindianatravel.com\/en\/wp-json\/wp\/v2\/pages\/7792\/revisions\/7950"}],"wp:attachment":[{"href":"https:\/\/theindianatravel.com\/en\/wp-json\/wp\/v2\/media?parent=7792"}],"curies":[{"name":"wp","href":"https:\/\/api.w.org\/{rel}","templated":true}]}}