{"id":6359,"date":"2025-08-15T09:40:43","date_gmt":"2025-08-15T07:40:43","guid":{"rendered":"https:\/\/theindianatravel.com\/?page_id=6359"},"modified":"2025-09-28T18:12:24","modified_gmt":"2025-09-28T16:12:24","slug":"filosofiaindiana","status":"publish","type":"page","link":"https:\/\/theindianatravel.com\/en\/filosofiaindiana","title":{"rendered":"Indiana Philosophy"},"content":{"rendered":"<div class=\"wpb-content-wrapper\"><div data-vc-full-width=\"true\" data-vc-full-width-init=\"false\" data-vc-stretch-content=\"true\" data-vc-parallax=\"1.5\" class=\"vc_row wpb_row vc_row-fluid vc_custom_1758966017513 vc_row-has-fill vc_general vc_parallax vc_parallax-content-moving\" ><div class=\"wpb_column vc_column_container vc_col-sm-8\"><div class=\"vc_column-inner\"><div class=\"wpb_wrapper\">\n\t<div  class=\"wpb_single_image wpb_content_element vc_align_center wpb_content_element\">\n\t\t\n\t\t<figure class=\"wpb_wrapper vc_figure\">\n\t\t\t<div class=\"vc_single_image-wrapper   vc_box_border_grey\"><img decoding=\"async\" class=\"vc_single_image-img\" src=\"https:\/\/theindianatravel.com\/wp-content\/uploads\/2018\/02\/LOGO-INDIANA_ISOTIPO_blanco-1-135x135.png\" width=\"135\" height=\"135\" alt=\"LOGO INDIANA_ISOTIPO_blanco\" title=\"LOGO INDIANA_ISOTIPO_blanco\" loading=\"lazy\" \/><\/div>\n\t\t<\/figure>\n\t<\/div>\n<div class=\"vc_empty_space\"   style=\"height: 75px\"><span class=\"vc_empty_space_inner\"><\/span><\/div><h1 style=\"font-size: 60px;color: #ffffff;text-align: center\" class=\"vc_custom_heading vc_do_custom_heading vc_custom_1758966159186\" >Filosof\u00eda Indiana<\/h1>\n\t<div class=\"wpb_text_column wpb_content_element\" >\n\t\t<div class=\"wpb_wrapper\">\n\t\t\t<h3 style=\"text-align: center;\"><span style=\"color: #ffffff;\"><b>Indiana: un nombre con historia<\/b><\/span><\/h3>\n<p style=\"text-align: center;\"><span style=\"color: #ffffff;\">Hubo un tiempo en que hombres y mujeres part\u00edan con una maleta llena de sue\u00f1os. Cruzaban mares, encontraban oportunidades y regresaban distintos: m\u00e1s sabios, m\u00e1s libres, m\u00e1s ellos mismos.<\/span><br \/>\n<span style=\"color: #ffffff;\">De ese esp\u00edritu nace <b>Indiana<\/b>: un homenaje a quienes se atrevieron a ir m\u00e1s all\u00e1. As\u00ed queremos que sea tu viaje: un antes y un despu\u00e9s, un soplo de aire fresco en tu forma de mirar el mundo.<\/span><\/p>\n\n\t\t<\/div>\n\t<\/div>\n<\/div><\/div><\/div><div class=\"wpb_column vc_column_container vc_col-sm-4\"><div class=\"vc_column-inner\"><div class=\"wpb_wrapper\">\n\t<div  class=\"wpb_single_image wpb_content_element vc_align_center wpb_content_element\">\n\t\t\n\t\t<figure class=\"wpb_wrapper vc_figure\">\n\t\t\t<div class=\"vc_single_image-wrapper vc_box_rounded  vc_box_border_grey\"><img loading=\"lazy\" decoding=\"async\" width=\"1920\" height=\"2560\" src=\"https:\/\/theindianatravel.com\/wp-content\/uploads\/2025\/09\/derek-thomson-MqNLfYoG7gU-unsplash-scaled.jpg\" class=\"vc_single_image-img attachment-full\" alt=\"\" title=\"derek-thomson-MqNLfYoG7gU-unsplash\" srcset=\"https:\/\/theindianatravel.com\/wp-content\/uploads\/2025\/09\/derek-thomson-MqNLfYoG7gU-unsplash-scaled.jpg 1920w, https:\/\/theindianatravel.com\/wp-content\/uploads\/2025\/09\/derek-thomson-MqNLfYoG7gU-unsplash-225x300.jpg 225w, https:\/\/theindianatravel.com\/wp-content\/uploads\/2025\/09\/derek-thomson-MqNLfYoG7gU-unsplash-768x1024.jpg 768w, https:\/\/theindianatravel.com\/wp-content\/uploads\/2025\/09\/derek-thomson-MqNLfYoG7gU-unsplash-1152x1536.jpg 1152w, https:\/\/theindianatravel.com\/wp-content\/uploads\/2025\/09\/derek-thomson-MqNLfYoG7gU-unsplash-1536x2048.jpg 1536w, https:\/\/theindianatravel.com\/wp-content\/uploads\/2025\/09\/derek-thomson-MqNLfYoG7gU-unsplash-600x800.jpg 600w\" sizes=\"auto, (max-width: 1920px) 100vw, 1920px\" \/><\/div>\n\t\t<\/figure>\n\t<\/div>\n<\/div><\/div><\/div><\/div><div class=\"vc_row-full-width vc_clearfix\"><\/div><div data-vc-full-width=\"true\" data-vc-full-width-init=\"false\" data-vc-stretch-content=\"true\" class=\"vc_row wpb_row vc_row-fluid\" ><div class=\"wpb_column vc_column_container vc_col-sm-6\"><div class=\"vc_column-inner\"><div class=\"wpb_wrapper\"><div class=\"vc_empty_space\"   style=\"height: 50px\"><span class=\"vc_empty_space_inner\"><\/span><\/div>\n\t<div class=\"wpb_text_column wpb_content_element\" >\n\t\t<div class=\"wpb_wrapper\">\n\t\t\t<blockquote>\n<h2 style=\"text-align: center;\"><span style=\"font-size: 35px;\">El lujo que se saborea despacio<\/span><\/h2>\n<\/blockquote>\n<p style=\"text-align: center;\">Para nosotros, el verdadero lujo es la calma: mirar un paisaje sin prisas, saborear un plato mientras escuchas la historia de quien lo cocina, dormir con el sonido de la naturaleza como \u00fanica compa\u00f1\u00eda.<br \/>\nDise\u00f1amos experiencias que fluyen para que solo tengas que vivirlas, cuidando cada detalle, respetando cada lugar y honrando a las personas que lo hacen \u00fanico<\/p>\n<h2 style=\"text-align: center;\"><\/h2>\n\n\t\t<\/div>\n\t<\/div>\n<div class=\"vc_empty_space\"   style=\"height: 40px\"><span class=\"vc_empty_space_inner\"><\/span><\/div>\n\t<div class=\"wpb_text_column wpb_content_element\" >\n\t\t<div class=\"wpb_wrapper\">\n\t\t\t<h5 style=\"text-align: center;\"><span style=\"font-size: 25px;\"><i>\u201cLa sofisticaci\u00f3n no est\u00e1 <\/i><i>en lo superficial, sino en <\/i><i>la esencia de cada <\/i><i>destino.\u201d<\/i><\/span><\/h5>\n\n\t\t<\/div>\n\t<\/div>\n<div class=\"vc_empty_space\"   style=\"height: 40px\"><span class=\"vc_empty_space_inner\"><\/span><\/div>\n\t<div class=\"wpb_text_column wpb_content_element\" >\n\t\t<div class=\"wpb_wrapper\">\n\t\t\t<h2 style=\"text-align: center;\"><span style=\"font-size: 35px;\">Para quienes buscan algo m\u00e1s<\/span><\/h2>\n<p style=\"text-align: center;\">Si viajas con el deseo de encontrar belleza, inspiraci\u00f3n y sentido, nos entendemos bien. Preferimos pocos lugares, vividos en profundidad; autenticidad con confort; silencios que dicen mucho y mesas compartidas con historias que merecen ser escuchadas.<\/p>\n\n\t\t<\/div>\n\t<\/div>\n<div class=\"vc_empty_space\"   style=\"height: 50px\"><span class=\"vc_empty_space_inner\"><\/span><\/div><\/div><\/div><\/div><div class=\"wpb_column vc_column_container vc_col-sm-6\"><div class=\"vc_column-inner\"><div class=\"wpb_wrapper\">\n\t<div  class=\"wpb_single_image wpb_content_element vc_align_center wpb_content_element\">\n\t\t\n\t\t<figure class=\"wpb_wrapper vc_figure\">\n\t\t\t<div class=\"vc_single_image-wrapper   vc_box_border_grey\"><img loading=\"lazy\" decoding=\"async\" width=\"1641\" height=\"2048\" src=\"https:\/\/theindianatravel.com\/wp-content\/uploads\/2025\/08\/saf-sel-ext-detail01.jpg-2.jpg\" class=\"vc_single_image-img attachment-full\" alt=\"\" title=\"BOTSWANA\" srcset=\"https:\/\/theindianatravel.com\/wp-content\/uploads\/2025\/08\/saf-sel-ext-detail01.jpg-2.jpg 1641w, https:\/\/theindianatravel.com\/wp-content\/uploads\/2025\/08\/saf-sel-ext-detail01.jpg-2-240x300.jpg 240w, https:\/\/theindianatravel.com\/wp-content\/uploads\/2025\/08\/saf-sel-ext-detail01.jpg-2-821x1024.jpg 821w, https:\/\/theindianatravel.com\/wp-content\/uploads\/2025\/08\/saf-sel-ext-detail01.jpg-2-768x958.jpg 768w, https:\/\/theindianatravel.com\/wp-content\/uploads\/2025\/08\/saf-sel-ext-detail01.jpg-2-1231x1536.jpg 1231w, https:\/\/theindianatravel.com\/wp-content\/uploads\/2025\/08\/saf-sel-ext-detail01.jpg-2-600x749.jpg 600w\" sizes=\"auto, (max-width: 1641px) 100vw, 1641px\" \/><\/div>\n\t\t<\/figure>\n\t<\/div>\n<div class=\"vc_empty_space\"   style=\"height: 50px\"><span class=\"vc_empty_space_inner\"><\/span><\/div><\/div><\/div><\/div><\/div><div class=\"vc_row-full-width vc_clearfix\"><\/div><div data-vc-full-width=\"true\" data-vc-full-width-init=\"false\" data-vc-stretch-content=\"true\" data-vc-parallax=\"1.5\" class=\"vc_row wpb_row vc_row-fluid vc_custom_1758969392810 vc_row-has-fill vc_general vc_parallax vc_parallax-content-moving\" ><div class=\"wpb_column vc_column_container vc_col-sm-6\"><div class=\"vc_column-inner\"><div class=\"wpb_wrapper\"><div class=\"vc_empty_space\"   style=\"height: 32px\"><span class=\"vc_empty_space_inner\"><\/span><\/div><h1 style=\"font-size: 55px;color: #ffffff;text-align: center\" class=\"vc_custom_heading vc_do_custom_heading vc_custom_1758969898353\" >Sostenibilidad<\/h1>\n\t<div class=\"wpb_text_column wpb_content_element\" >\n\t\t<div class=\"wpb_wrapper\">\n\t\t\t<h2 style=\"text-align: center;\" data-start=\"145\" data-end=\"172\"><span style=\"font-size: 35px; color: #ffffff;\"><strong data-start=\"145\" data-end=\"170\">Viajar con conciencia<\/strong><\/span><\/h2>\n<p style=\"text-align: center;\" data-start=\"174\" data-end=\"496\"><span style=\"color: #ffffff;\">Creemos en una forma de viajar atenta y respetuosa. Apostamos por la sostenibilidad y cuidamos al m\u00e1ximo nuestra huella: elegimos alojamientos y experiencias con compromiso local, proponemos ritmos pausados y estancias m\u00e1s largas, priorizamos trayectos eficientes y colaboramos con personas que comparten nuestra mirada.<\/span><\/p>\n<p style=\"text-align: center;\" data-start=\"498\" data-end=\"956\"><span style=\"color: #ffffff;\">Viajar bien tambi\u00e9n es viajar con respeto. Eso significa honrar la naturaleza y a los seres que la habitan. En nuestros viajes no promovemos el uso de animales como entretenimiento, sino que apoyamos proyectos que los protegen en su h\u00e1bitat natural, iniciativas de conservaci\u00f3n y experiencias que permiten contemplarlos de manera \u00e9tica y responsable. Creemos que la verdadera conexi\u00f3n con el mundo animal surge desde la admiraci\u00f3n, no desde la explotaci\u00f3n.<\/span><\/p>\n\n\t\t<\/div>\n\t<\/div>\n<\/div><\/div><\/div><div class=\"wpb_column vc_column_container vc_col-sm-6\"><div class=\"vc_column-inner\"><div class=\"wpb_wrapper\">\n\t<div  class=\"wpb_single_image wpb_content_element vc_align_center wpb_content_element vc_custom_1758970785199\">\n\t\t\n\t\t<figure class=\"wpb_wrapper vc_figure\">\n\t\t\t<div class=\"vc_single_image-wrapper vc_box_rounded  vc_box_border_grey\"><\/div>\n\t\t<\/figure>\n\t<\/div>\n<\/div><\/div><\/div><\/div><div class=\"vc_row-full-width vc_clearfix\"><\/div><div data-vc-full-width=\"true\" data-vc-full-width-init=\"false\" data-vc-stretch-content=\"true\" class=\"vc_row wpb_row vc_row-fluid\" ><div class=\"wpb_column vc_column_container vc_col-sm-6\"><div class=\"vc_column-inner\"><div class=\"wpb_wrapper\"><div class=\"vc_empty_space\"   style=\"height: 32px\"><span class=\"vc_empty_space_inner\"><\/span><\/div>\n\t<div  class=\"wpb_single_image wpb_content_element vc_align_center wpb_content_element\">\n\t\t\n\t\t<figure class=\"wpb_wrapper vc_figure\">\n\t\t\t<div class=\"vc_single_image-wrapper vc_box_rounded  vc_box_border_grey\"><img decoding=\"async\" class=\"vc_single_image-img\" src=\"https:\/\/theindianatravel.com\/wp-content\/uploads\/2025\/09\/spenser-sembrat-TIN_YU4hiJY-unsplash-scaled-700x900.jpg\" width=\"700\" height=\"900\" alt=\"spenser-sembrat-TIN_YU4hiJY-unsplash\" title=\"spenser-sembrat-TIN_YU4hiJY-unsplash\" loading=\"lazy\" \/><\/div>\n\t\t<\/figure>\n\t<\/div>\n<\/div><\/div><\/div><div class=\"wpb_column vc_column_container vc_col-sm-6\"><div class=\"vc_column-inner\"><div class=\"wpb_wrapper\"><div class=\"vc_empty_space\"   style=\"height: 32px\"><span class=\"vc_empty_space_inner\"><\/span><\/div>\n\t<div class=\"wpb_text_column wpb_content_element\" >\n\t\t<div class=\"wpb_wrapper\">\n\t\t\t<h2 style=\"text-align: center;\"><span style=\"color: #000000;\">Viajes que se quedan a vivir contigo.<\/span><\/h2>\n<p style=\"text-align: center;\" data-start=\"298\" data-end=\"492\">En Indiana creemos que un viaje no empieza en el aeropuerto ni termina al volver. Empieza cuando lo imaginas, en esa ilusi\u00f3n previa que ya te transforma, y permanece mucho despu\u00e9s de regresar.<\/p>\n<p style=\"text-align: center;\" data-start=\"494\" data-end=\"810\">No dise\u00f1amos itinerarios para tachar destinos, sino experiencias pensadas con calma, sensibilidad y criterio. Queremos que cada detalle tenga sentido: la elecci\u00f3n de un hotel con alma, la compa\u00f1\u00eda de un gu\u00eda que conoce su tierra de verdad, un encuentro aut\u00e9ntico con la cultura local o un paisaje que no se olvida.<\/p>\n<p style=\"text-align: center;\" data-start=\"812\" data-end=\"995\">Un viaje Indiana est\u00e1 creado para acompa\u00f1arte m\u00e1s all\u00e1 de los d\u00edas de viaje. Porque lo importante no es solo lo que ves, sino lo que sientes y lo que te llevas contigo para siempre.<\/p>\n\n\t\t<\/div>\n\t<\/div>\n\n\t<div class=\"wpb_text_column wpb_content_element\" >\n\t\t<div class=\"wpb_wrapper\">\n\t\t\t<h5><span style=\"font-size: 25px;\"><i>\u201cLa experiencia de viajar se convierte <\/i><i>en un acto consciente, sofisticado <\/i><i>y transformador.\u201d<\/i><\/span><\/h5>\n\n\t\t<\/div>\n\t<\/div>\n\n\t<div class=\"wpb_text_column wpb_content_element\" >\n\t\t<div class=\"wpb_wrapper\">\n\t\t\t<h2 style=\"text-align: center;\">A tu lado en cada paso<\/h2>\n<p style=\"text-align: center;\" data-start=\"153\" data-end=\"393\">Desde la primera conversaci\u00f3n hasta tu regreso, en Indiana nos mantenemos cerca. Escuchamos lo que sue\u00f1as, comprendemos tu manera de viajar y dise\u00f1amos cada itinerario a medida, cuidando que refleje tu estilo y tu forma de vivir el mundo.<\/p>\n<p style=\"text-align: center;\" data-start=\"395\" data-end=\"670\">Revisamos cada detalle con rigor \u2014desde la elecci\u00f3n de hoteles hasta la coordinaci\u00f3n de experiencias\u2014 para que el viaje fluya sin imprevistos. Durante tu recorrido hacemos seguimiento constante, y siempre que lo necesites nos tienes a un mensaje o una llamada de distancia.<\/p>\n<p style=\"text-align: center;\" data-start=\"672\" data-end=\"815\">Nuestra labor no termina al entregarte un programa, sino al asegurarnos de que cada instante de tu viaje sea tan especial como lo imaginaste.<\/p>\n\n\t\t<\/div>\n\t<\/div>\n<\/div><\/div><\/div><\/div><div class=\"vc_row-full-width vc_clearfix\"><\/div><div class=\"vc_row wpb_row vc_row-fluid\" ><div class=\"wpb_column vc_column_container vc_col-sm-6\"><div class=\"vc_column-inner\"><div class=\"wpb_wrapper\"><\/div><\/div><\/div><div class=\"wpb_column vc_column_container vc_col-sm-6\"><div class=\"vc_column-inner\"><div class=\"wpb_wrapper\"><div class=\"vc_empty_space\"   style=\"height: 32px\"><span class=\"vc_empty_space_inner\"><\/span><\/div><\/div><\/div><\/div><\/div><div class=\"vc_row wpb_row vc_row-fluid\" ><div class=\"wpb_column vc_column_container vc_col-sm-12\"><div class=\"vc_column-inner\"><div class=\"wpb_wrapper\"><div class=\"vc_empty_space\"   style=\"height: 100px\"><span class=\"vc_empty_space_inner\"><\/span><\/div><\/div><\/div><\/div><\/div><div data-vc-full-width=\"true\" data-vc-full-width-init=\"false\" data-vc-stretch-content=\"true\" data-vc-parallax=\"1.5\" class=\"vc_row wpb_row vc_row-fluid vc_custom_1759073799281 vc_row-has-fill vc_general vc_parallax vc_parallax-content-moving\" ><div class=\"wpb_column vc_column_container vc_col-sm-6\"><div class=\"vc_column-inner\"><div class=\"wpb_wrapper\"><div class=\"vc_empty_space\"   style=\"height: 32px\"><span class=\"vc_empty_space_inner\"><\/span><\/div><h1 style=\"font-size: 55px;color: #ffffff;text-align: center\" class=\"vc_custom_heading vc_do_custom_heading vc_custom_1759073387041\" >Viajes con sello propio<\/h1>\n\t<div class=\"wpb_text_column wpb_content_element\" >\n\t\t<div class=\"wpb_wrapper\">\n\t\t\t<h2 style=\"text-align: center;\" data-start=\"145\" data-end=\"172\"><span style=\"caret-color: #ffffff; font-size: 35px; color: #ffffff;\">Artesan\u00eda del viaje<\/span><\/h2>\n<p style=\"text-align: center;\" data-start=\"192\" data-end=\"446\"><span style=\"color: #ffffff;\">En Indiana no creemos en viajes prefabricados. Cada itinerario es artesanal: sin plantillas, sin copias ni automatismos. Partimos de una conversaci\u00f3n contigo, de entender qu\u00e9 te inspira y qu\u00e9 buscas, y a partir de ah\u00ed damos forma a una propuesta \u00fanica.<\/span><\/p>\n<p style=\"text-align: center;\" data-start=\"448\" data-end=\"778\"><span style=\"color: #ffffff;\">Seleccionamos a mano los hoteles, las rutas y los anfitriones locales que mejor encajan con tu manera de viajar. Ordenamos los tiempos con intenci\u00f3n, para que el viaje respire y puedas disfrutar sin prisas. A\u00f1adimos recomendaciones personales y microgu\u00edas creadas con criterio, que destacan solo lo que realmente merece la pena.<\/span><\/p>\n<p style=\"text-align: center;\" data-start=\"780\" data-end=\"1047\"><span style=\"color: #ffffff;\">Despu\u00e9s, lo revisamos todo dos veces \u2014y una tercera si hace falta\u2014 porque la minuciosidad forma parte de nuestra manera de hacer. As\u00ed garantizamos que nada quede al azar y que cada experiencia est\u00e9 pensada para ti, con la calidad y el cuidado que definen a Indiana.<\/span><\/p>\n\n\t\t<\/div>\n\t<\/div>\n<\/div><\/div><\/div><div class=\"wpb_column vc_column_container vc_col-sm-6\"><div class=\"vc_column-inner\"><div class=\"wpb_wrapper\">\n\t<div  class=\"wpb_single_image wpb_content_element vc_align_center wpb_content_element vc_custom_1759073221510\">\n\t\t\n\t\t<figure class=\"wpb_wrapper vc_figure\">\n\t\t\t<div class=\"vc_single_image-wrapper vc_box_rounded  vc_box_border_grey\"><img loading=\"lazy\" decoding=\"async\" width=\"1707\" height=\"2560\" src=\"https:\/\/theindianatravel.com\/wp-content\/uploads\/2025\/09\/musab-al-rawahi-sYKSt78NkFw-unsplash-scaled.jpg\" class=\"vc_single_image-img attachment-full\" alt=\"\" title=\"musab-al-rawahi-sYKSt78NkFw-unsplash\" srcset=\"https:\/\/theindianatravel.com\/wp-content\/uploads\/2025\/09\/musab-al-rawahi-sYKSt78NkFw-unsplash-scaled.jpg 1707w, https:\/\/theindianatravel.com\/wp-content\/uploads\/2025\/09\/musab-al-rawahi-sYKSt78NkFw-unsplash-200x300.jpg 200w, https:\/\/theindianatravel.com\/wp-content\/uploads\/2025\/09\/musab-al-rawahi-sYKSt78NkFw-unsplash-683x1024.jpg 683w, https:\/\/theindianatravel.com\/wp-content\/uploads\/2025\/09\/musab-al-rawahi-sYKSt78NkFw-unsplash-768x1152.jpg 768w, https:\/\/theindianatravel.com\/wp-content\/uploads\/2025\/09\/musab-al-rawahi-sYKSt78NkFw-unsplash-1024x1536.jpg 1024w, https:\/\/theindianatravel.com\/wp-content\/uploads\/2025\/09\/musab-al-rawahi-sYKSt78NkFw-unsplash-1365x2048.jpg 1365w, https:\/\/theindianatravel.com\/wp-content\/uploads\/2025\/09\/musab-al-rawahi-sYKSt78NkFw-unsplash-600x900.jpg 600w\" sizes=\"auto, (max-width: 1707px) 100vw, 1707px\" \/><\/div>\n\t\t<\/figure>\n\t<\/div>\n<\/div><\/div><\/div><\/div><div class=\"vc_row-full-width vc_clearfix\"><\/div><div class=\"vc_row wpb_row vc_row-fluid\" ><div class=\"wpb_column vc_column_container vc_col-sm-12\"><div class=\"vc_column-inner\"><div class=\"wpb_wrapper\"><section class=\"vc_cta3-container\"><div class=\"vc_general vc_do_cta3 vc_cta3 vc_cta3-style-classic vc_cta3-shape-rounded vc_cta3-align-center vc_cta3-color-black vc_cta3-icon-size-md vc_cta3-actions-bottom\"><div class=\"vc_cta3_content-container\"><div class=\"vc_cta3-content\"><header class=\"vc_cta3-content-header\"><h2>\u00bfListo para tu pr\u00f3ximo viaje?<\/h2><\/header><p style=\"text-align: center;\">Si nuestra manera de entender el viaje resuena contigo, el siguiente paso es sencillo: empezar a dar forma a tu pr\u00f3xima experiencia. Cu\u00e9ntanos qu\u00e9 sue\u00f1as y lo convertiremos juntos en un itinerario \u00fanico.<\/p>\n<\/div><div class=\"vc_cta3-actions\"><div class=\"vc_btn3-container vc_btn3-center vc_do_btn\" ><a onmouseleave=\"this.style.borderColor='#666'; this.style.backgroundColor='transparent'; this.style.color='#666'\" onmouseenter=\"this.style.borderColor='#976652'; this.style.backgroundColor='#976652'; this.style.color='#fff';\" style=\"border-color:#666; color:#666;\" class=\"vc_general vc_btn3 vc_btn3-size-lg vc_btn3-shape-square vc_btn3-style-outline-custom\" href=\"https:\/\/theindianatravel.com\/en\/contacto\/\" title=\"CONTACT\">Planificar mi pr\u00f3ximo viaje<\/a><\/div><\/div><\/div><\/div><\/section><\/div><\/div><\/div><\/div>\n<\/div>","protected":false},"excerpt":{"rendered":"Filosof\u00eda Indiana Indiana: un nombre con historia Hubo un tiempo en que hombres y mujeres part\u00edan con una maleta llena de sue\u00f1os. Cruzaban mares, encontraban oportunidades y regresaban distintos: m\u00e1s sabios, m\u00e1s libres, m\u00e1s ellos mismos. De ese esp\u00edritu nace [...]","protected":false},"author":1,"featured_media":0,"parent":0,"menu_order":0,"comment_status":"closed","ping_status":"closed","template":"full-width.php","meta":{"footnotes":""},"class_list":["post-6359","page","type-page","status-publish","hentry"],"yoast_head":"<!-- This site is optimized with the Yoast SEO plugin v27.4 - https:\/\/yoast.com\/product\/yoast-seo-wordpress\/ -->\n<title>Filosofia Indiana - INDIANA<\/title>\n<meta name=\"description\" content=\"Indiana Travel, viajes \u00fanicos y experiencias genuinas, un lujo sutil y elegante. Cada viaje es una obra de arte. The elegance of exclusive traveling.\" \/>\n<meta name=\"robots\" content=\"index, follow, max-snippet:-1, max-image-preview:large, max-video-preview:-1\" \/>\n<link rel=\"canonical\" href=\"https:\/\/theindianatravel.com\/en\/filosofiaindiana\" \/>\n<meta property=\"og:locale\" content=\"en_GB\" \/>\n<meta property=\"og:type\" content=\"article\" \/>\n<meta property=\"og:title\" content=\"Filosofia Indiana - INDIANA\" \/>\n<meta property=\"og:description\" content=\"Indiana Travel, viajes \u00fanicos y experiencias genuinas, un lujo sutil y elegante. Cada viaje es una obra de arte. The elegance of exclusive traveling.\" \/>\n<meta property=\"og:url\" content=\"https:\/\/theindianatravel.com\/en\/filosofiaindiana\" \/>\n<meta property=\"og:site_name\" content=\"INDIANA\" \/>\n<meta property=\"article:modified_time\" content=\"2025-09-28T16:12:24+00:00\" \/>\n<meta name=\"twitter:card\" content=\"summary_large_image\" \/>\n<meta name=\"twitter:label1\" content=\"Estimated reading time\" \/>\n\t<meta name=\"twitter:data1\" content=\"5 minutes\" \/>\n<script type=\"application\/ld+json\" class=\"yoast-schema-graph\">{\"@context\":\"https:\\\/\\\/schema.org\",\"@graph\":[{\"@type\":\"WebPage\",\"@id\":\"https:\\\/\\\/theindianatravel.com\\\/en\\\/filosofiaindiana\",\"url\":\"https:\\\/\\\/theindianatravel.com\\\/en\\\/filosofiaindiana\",\"name\":\"Filosofia Indiana - INDIANA\",\"isPartOf\":{\"@id\":\"https:\\\/\\\/theindianatravel.com\\\/en\\\/#website\"},\"datePublished\":\"2025-08-15T07:40:43+00:00\",\"dateModified\":\"2025-09-28T16:12:24+00:00\",\"description\":\"Indiana Travel, viajes \u00fanicos y experiencias genuinas, un lujo sutil y elegante. Cada viaje es una obra de arte. The elegance of exclusive traveling.\",\"breadcrumb\":{\"@id\":\"https:\\\/\\\/theindianatravel.com\\\/en\\\/filosofiaindiana#breadcrumb\"},\"inLanguage\":\"en-GB\",\"potentialAction\":[{\"@type\":\"ReadAction\",\"target\":[\"https:\\\/\\\/theindianatravel.com\\\/en\\\/filosofiaindiana\"]}]},{\"@type\":\"BreadcrumbList\",\"@id\":\"https:\\\/\\\/theindianatravel.com\\\/en\\\/filosofiaindiana#breadcrumb\",\"itemListElement\":[{\"@type\":\"ListItem\",\"position\":1,\"name\":\"Portada\",\"item\":\"https:\\\/\\\/theindianatravel.com\\\/en\\\/\"},{\"@type\":\"ListItem\",\"position\":2,\"name\":\"Filosofia Indiana\"}]},{\"@type\":\"WebSite\",\"@id\":\"https:\\\/\\\/theindianatravel.com\\\/en\\\/#website\",\"url\":\"https:\\\/\\\/theindianatravel.com\\\/en\\\/\",\"name\":\"INDIANA\",\"description\":\"Travel Experiences\",\"potentialAction\":[{\"@type\":\"SearchAction\",\"target\":{\"@type\":\"EntryPoint\",\"urlTemplate\":\"https:\\\/\\\/theindianatravel.com\\\/en\\\/?s={search_term_string}\"},\"query-input\":{\"@type\":\"PropertyValueSpecification\",\"valueRequired\":true,\"valueName\":\"search_term_string\"}}],\"inLanguage\":\"en-GB\"}]}<\/script>\n<!-- \/ Yoast SEO plugin. -->","yoast_head_json":{"title":"Filosofia Indiana - INDIANA","description":"Indiana Travel, viajes \u00fanicos y experiencias genuinas, un lujo sutil y elegante. Cada viaje es una obra de arte. The elegance of exclusive traveling.","robots":{"index":"index","follow":"follow","max-snippet":"max-snippet:-1","max-image-preview":"max-image-preview:large","max-video-preview":"max-video-preview:-1"},"canonical":"https:\/\/theindianatravel.com\/en\/filosofiaindiana","og_locale":"en_GB","og_type":"article","og_title":"Filosofia Indiana - INDIANA","og_description":"Indiana Travel, viajes \u00fanicos y experiencias genuinas, un lujo sutil y elegante. Cada viaje es una obra de arte. The elegance of exclusive traveling.","og_url":"https:\/\/theindianatravel.com\/en\/filosofiaindiana","og_site_name":"INDIANA","article_modified_time":"2025-09-28T16:12:24+00:00","twitter_card":"summary_large_image","twitter_misc":{"Estimated reading time":"5 minutes"},"schema":{"@context":"https:\/\/schema.org","@graph":[{"@type":"WebPage","@id":"https:\/\/theindianatravel.com\/en\/filosofiaindiana","url":"https:\/\/theindianatravel.com\/en\/filosofiaindiana","name":"Filosofia Indiana - INDIANA","isPartOf":{"@id":"https:\/\/theindianatravel.com\/en\/#website"},"datePublished":"2025-08-15T07:40:43+00:00","dateModified":"2025-09-28T16:12:24+00:00","description":"Indiana Travel, viajes \u00fanicos y experiencias genuinas, un lujo sutil y elegante. Cada viaje es una obra de arte. The elegance of exclusive traveling.","breadcrumb":{"@id":"https:\/\/theindianatravel.com\/en\/filosofiaindiana#breadcrumb"},"inLanguage":"en-GB","potentialAction":[{"@type":"ReadAction","target":["https:\/\/theindianatravel.com\/en\/filosofiaindiana"]}]},{"@type":"BreadcrumbList","@id":"https:\/\/theindianatravel.com\/en\/filosofiaindiana#breadcrumb","itemListElement":[{"@type":"ListItem","position":1,"name":"Portada","item":"https:\/\/theindianatravel.com\/en\/"},{"@type":"ListItem","position":2,"name":"Filosofia Indiana"}]},{"@type":"WebSite","@id":"https:\/\/theindianatravel.com\/en\/#website","url":"https:\/\/theindianatravel.com\/en\/","name":"INDIANA","description":"Travel Experiences","potentialAction":[{"@type":"SearchAction","target":{"@type":"EntryPoint","urlTemplate":"https:\/\/theindianatravel.com\/en\/?s={search_term_string}"},"query-input":{"@type":"PropertyValueSpecification","valueRequired":true,"valueName":"search_term_string"}}],"inLanguage":"en-GB"}]}},"_links":{"self":[{"href":"https:\/\/theindianatravel.com\/en\/wp-json\/wp\/v2\/pages\/6359","targetHints":{"allow":["GET"]}}],"collection":[{"href":"https:\/\/theindianatravel.com\/en\/wp-json\/wp\/v2\/pages"}],"about":[{"href":"https:\/\/theindianatravel.com\/en\/wp-json\/wp\/v2\/types\/page"}],"author":[{"embeddable":true,"href":"https:\/\/theindianatravel.com\/en\/wp-json\/wp\/v2\/users\/1"}],"replies":[{"embeddable":true,"href":"https:\/\/theindianatravel.com\/en\/wp-json\/wp\/v2\/comments?post=6359"}],"version-history":[{"count":98,"href":"https:\/\/theindianatravel.com\/en\/wp-json\/wp\/v2\/pages\/6359\/revisions"}],"predecessor-version":[{"id":7520,"href":"https:\/\/theindianatravel.com\/en\/wp-json\/wp\/v2\/pages\/6359\/revisions\/7520"}],"wp:attachment":[{"href":"https:\/\/theindianatravel.com\/en\/wp-json\/wp\/v2\/media?parent=6359"}],"curies":[{"name":"wp","href":"https:\/\/api.w.org\/{rel}","templated":true}]}}