{"id":1434,"date":"2018-03-05T14:15:17","date_gmt":"2018-03-05T14:15:17","guid":{"rendered":"http:\/\/bonvoyage.elated-themes.com\/?page_id=1434"},"modified":"2025-12-08T08:22:31","modified_gmt":"2025-12-08T07:22:31","slug":"inspiracion","status":"publish","type":"page","link":"https:\/\/theindianatravel.com\/en\/inspiracion","title":{"rendered":"INSPIRACI\u00d3N"},"content":{"rendered":"","protected":false},"excerpt":{"rendered":"","protected":false},"author":1,"featured_media":0,"parent":0,"menu_order":0,"comment_status":"closed","ping_status":"closed","template":"full-width.php","meta":{"footnotes":""},"class_list":["post-1434","page","type-page","status-publish","hentry"],"yoast_head":"<!-- This site is optimized with the Yoast SEO plugin v27.4 - https:\/\/yoast.com\/product\/yoast-seo-wordpress\/ -->\n<title>INSPIRACI\u00d3N - INDIANA<\/title>\n<meta name=\"description\" content=\"Inspiraci\u00f3n a viajar con intenci\u00f3n. En nuestro blog encontrar\u00e1s relatos, destinos \u00fanicos, hoteles con alma y experiencias elegantes de viajar despacio.\" \/>\n<meta name=\"robots\" content=\"index, follow, max-snippet:-1, max-image-preview:large, max-video-preview:-1\" \/>\n<link rel=\"canonical\" href=\"https:\/\/theindianatravel.com\/en\/inspiracion\" \/>\n<meta property=\"og:locale\" content=\"en_GB\" \/>\n<meta property=\"og:type\" content=\"article\" \/>\n<meta property=\"og:title\" content=\"INSPIRACI\u00d3N - INDIANA\" \/>\n<meta property=\"og:description\" content=\"Inspiraci\u00f3n a viajar con intenci\u00f3n. En nuestro blog encontrar\u00e1s relatos, destinos \u00fanicos, hoteles con alma y experiencias elegantes de viajar despacio.\" \/>\n<meta property=\"og:url\" content=\"https:\/\/theindianatravel.com\/en\/inspiracion\" \/>\n<meta property=\"og:site_name\" content=\"INDIANA\" \/>\n<meta property=\"article:modified_time\" content=\"2025-12-08T07:22:31+00:00\" \/>\n<meta name=\"twitter:card\" content=\"summary_large_image\" \/>\n<script type=\"application\/ld+json\" class=\"yoast-schema-graph\">{\"@context\":\"https:\\\/\\\/schema.org\",\"@graph\":[{\"@type\":\"WebPage\",\"@id\":\"https:\\\/\\\/theindianatravel.com\\\/en\\\/inspiracion\",\"url\":\"https:\\\/\\\/theindianatravel.com\\\/en\\\/inspiracion\",\"name\":\"INSPIRACI\u00d3N - INDIANA\",\"isPartOf\":{\"@id\":\"https:\\\/\\\/theindianatravel.com\\\/en\\\/#website\"},\"datePublished\":\"2018-03-05T14:15:17+00:00\",\"dateModified\":\"2025-12-08T07:22:31+00:00\",\"description\":\"Inspiraci\u00f3n a viajar con intenci\u00f3n. En nuestro blog encontrar\u00e1s relatos, destinos \u00fanicos, hoteles con alma y experiencias elegantes de viajar despacio.\",\"breadcrumb\":{\"@id\":\"https:\\\/\\\/theindianatravel.com\\\/en\\\/inspiracion#breadcrumb\"},\"inLanguage\":\"en-GB\",\"potentialAction\":[{\"@type\":\"ReadAction\",\"target\":[\"https:\\\/\\\/theindianatravel.com\\\/en\\\/inspiracion\"]}]},{\"@type\":\"BreadcrumbList\",\"@id\":\"https:\\\/\\\/theindianatravel.com\\\/en\\\/inspiracion#breadcrumb\",\"itemListElement\":[{\"@type\":\"ListItem\",\"position\":1,\"name\":\"Portada\",\"item\":\"https:\\\/\\\/theindianatravel.com\\\/en\\\/\"},{\"@type\":\"ListItem\",\"position\":2,\"name\":\"INSPIRACI\u00d3N\"}]},{\"@type\":\"WebSite\",\"@id\":\"https:\\\/\\\/theindianatravel.com\\\/en\\\/#website\",\"url\":\"https:\\\/\\\/theindianatravel.com\\\/en\\\/\",\"name\":\"INDIANA\",\"description\":\"Travel Experiences\",\"potentialAction\":[{\"@type\":\"SearchAction\",\"target\":{\"@type\":\"EntryPoint\",\"urlTemplate\":\"https:\\\/\\\/theindianatravel.com\\\/en\\\/?s={search_term_string}\"},\"query-input\":{\"@type\":\"PropertyValueSpecification\",\"valueRequired\":true,\"valueName\":\"search_term_string\"}}],\"inLanguage\":\"en-GB\"}]}<\/script>\n<!-- \/ Yoast SEO plugin. -->","yoast_head_json":{"title":"INSPIRACI\u00d3N - INDIANA","description":"Inspiraci\u00f3n a viajar con intenci\u00f3n. En nuestro blog encontrar\u00e1s relatos, destinos \u00fanicos, hoteles con alma y experiencias elegantes de viajar despacio.","robots":{"index":"index","follow":"follow","max-snippet":"max-snippet:-1","max-image-preview":"max-image-preview:large","max-video-preview":"max-video-preview:-1"},"canonical":"https:\/\/theindianatravel.com\/en\/inspiracion","og_locale":"en_GB","og_type":"article","og_title":"INSPIRACI\u00d3N - INDIANA","og_description":"Inspiraci\u00f3n a viajar con intenci\u00f3n. En nuestro blog encontrar\u00e1s relatos, destinos \u00fanicos, hoteles con alma y experiencias elegantes de viajar despacio.","og_url":"https:\/\/theindianatravel.com\/en\/inspiracion","og_site_name":"INDIANA","article_modified_time":"2025-12-08T07:22:31+00:00","twitter_card":"summary_large_image","schema":{"@context":"https:\/\/schema.org","@graph":[{"@type":"WebPage","@id":"https:\/\/theindianatravel.com\/en\/inspiracion","url":"https:\/\/theindianatravel.com\/en\/inspiracion","name":"INSPIRACI\u00d3N - INDIANA","isPartOf":{"@id":"https:\/\/theindianatravel.com\/en\/#website"},"datePublished":"2018-03-05T14:15:17+00:00","dateModified":"2025-12-08T07:22:31+00:00","description":"Inspiraci\u00f3n a viajar con intenci\u00f3n. En nuestro blog encontrar\u00e1s relatos, destinos \u00fanicos, hoteles con alma y experiencias elegantes de viajar despacio.","breadcrumb":{"@id":"https:\/\/theindianatravel.com\/en\/inspiracion#breadcrumb"},"inLanguage":"en-GB","potentialAction":[{"@type":"ReadAction","target":["https:\/\/theindianatravel.com\/en\/inspiracion"]}]},{"@type":"BreadcrumbList","@id":"https:\/\/theindianatravel.com\/en\/inspiracion#breadcrumb","itemListElement":[{"@type":"ListItem","position":1,"name":"Portada","item":"https:\/\/theindianatravel.com\/en\/"},{"@type":"ListItem","position":2,"name":"INSPIRACI\u00d3N"}]},{"@type":"WebSite","@id":"https:\/\/theindianatravel.com\/en\/#website","url":"https:\/\/theindianatravel.com\/en\/","name":"INDIANA","description":"Travel Experiences","potentialAction":[{"@type":"SearchAction","target":{"@type":"EntryPoint","urlTemplate":"https:\/\/theindianatravel.com\/en\/?s={search_term_string}"},"query-input":{"@type":"PropertyValueSpecification","valueRequired":true,"valueName":"search_term_string"}}],"inLanguage":"en-GB"}]}},"_links":{"self":[{"href":"https:\/\/theindianatravel.com\/en\/wp-json\/wp\/v2\/pages\/1434","targetHints":{"allow":["GET"]}}],"collection":[{"href":"https:\/\/theindianatravel.com\/en\/wp-json\/wp\/v2\/pages"}],"about":[{"href":"https:\/\/theindianatravel.com\/en\/wp-json\/wp\/v2\/types\/page"}],"author":[{"embeddable":true,"href":"https:\/\/theindianatravel.com\/en\/wp-json\/wp\/v2\/users\/1"}],"replies":[{"embeddable":true,"href":"https:\/\/theindianatravel.com\/en\/wp-json\/wp\/v2\/comments?post=1434"}],"version-history":[{"count":9,"href":"https:\/\/theindianatravel.com\/en\/wp-json\/wp\/v2\/pages\/1434\/revisions"}],"predecessor-version":[{"id":8014,"href":"https:\/\/theindianatravel.com\/en\/wp-json\/wp\/v2\/pages\/1434\/revisions\/8014"}],"wp:attachment":[{"href":"https:\/\/theindianatravel.com\/en\/wp-json\/wp\/v2\/media?parent=1434"}],"curies":[{"name":"wp","href":"https:\/\/api.w.org\/{rel}","templated":true}]}}