{"id":813,"date":"2018-02-26T15:39:39","date_gmt":"2018-02-26T15:39:39","guid":{"rendered":"http:\/\/bonvoyage.elated-themes.com\/?page_id=813"},"modified":"2025-09-29T12:40:54","modified_gmt":"2025-09-29T10:40:54","slug":"quienessomos","status":"publish","type":"page","link":"http:\/\/theindianatravel.com\/en\/quienessomos","title":{"rendered":"About Us"},"content":{"rendered":"<div class=\"wpb-content-wrapper\"><div class=\"vc_row wpb_row vc_row-fluid\" ><div class=\"wpb_column vc_column_container vc_col-sm-12\"><div class=\"vc_column-inner\"><div class=\"wpb_wrapper\"><\/div><\/div><\/div><\/div><div class=\"vc_row wpb_row vc_row-fluid\" ><div class=\"wpb_column vc_column_container vc_col-sm-12\"><div class=\"vc_column-inner\"><div class=\"wpb_wrapper\"><div class=\"vc_empty_space\"   style=\"height: 50px\"><span class=\"vc_empty_space_inner\"><\/span><\/div><div class=\"vc_separator wpb_content_element vc_separator_align_center vc_sep_width_70 vc_sep_pos_align_center vc_separator_no_text vc_sep_color_black wpb_content_element  wpb_content_element\" ><span class=\"vc_sep_holder vc_sep_holder_l\"><span class=\"vc_sep_line\"><\/span><\/span><span class=\"vc_sep_holder vc_sep_holder_r\"><span class=\"vc_sep_line\"><\/span><\/span>\n<\/div><div class=\"vc_empty_space\"   style=\"height: 50px\"><span class=\"vc_empty_space_inner\"><\/span><\/div><\/div><\/div><\/div><\/div><div data-vc-full-width=\"true\" data-vc-full-width-init=\"false\" data-vc-stretch-content=\"true\" class=\"vc_row wpb_row vc_row-fluid vc_custom_1759077606954\" ><div class=\"wpb_column vc_column_container vc_col-sm-6\"><div class=\"vc_column-inner\"><div class=\"wpb_wrapper\">\n\t<div  class=\"wpb_single_image wpb_content_element vc_align_center wpb_content_element\">\n\t\t\n\t\t<figure class=\"wpb_wrapper vc_figure\">\n\t\t\t<div class=\"vc_single_image-wrapper   vc_box_border_grey\"><img decoding=\"async\" class=\"vc_single_image-img\" src=\"http:\/\/theindianatravel.com\/wp-content\/uploads\/2025\/09\/2-1-700x900.png\" width=\"700\" height=\"900\" alt=\"2\" title=\"2\" loading=\"lazy\" \/><\/div>\n\t\t<\/figure>\n\t<\/div>\n<\/div><\/div><\/div><div class=\"wpb_column vc_column_container vc_col-sm-6\"><div class=\"vc_column-inner\"><div class=\"wpb_wrapper\">\n\t<div class=\"wpb_text_column wpb_content_element\" >\n\t\t<div class=\"wpb_wrapper\">\n\t\t\t<h2 style=\"text-align: center;\">\u00bfQUIENES SOMOS?<\/h2>\n\n\t\t<\/div>\n\t<\/div>\n<div class=\"vc_empty_space\"   style=\"height: 32px\"><span class=\"vc_empty_space_inner\"><\/span><\/div>\n\t<div class=\"wpb_text_column wpb_content_element\" >\n\t\t<div class=\"wpb_wrapper\">\n\t\t\t<p style=\"text-align: center;\">Soy <strong>Carolina Estell\u00e9<\/strong>, fundadora de <b>\u00a0Indiana <\/b>y <strong>Mujer y Viajera<\/strong>. Tras 16 a\u00f1os creando <strong>experiencias \u00fanicas de viaje<\/strong> para mujeres, he dado un paso m\u00e1s en mi pasi\u00f3n por ofrecer algo realmente excepcional. <strong>Indiana<\/strong>\u00a0nace del deseo de compartir con un p\u00fablico m\u00e1s amplio lo que considero viajes que van m\u00e1s all\u00e1 de lo convencional, dise\u00f1ados para enriquecer el alma y los sentidos.<\/p>\n<p style=\"text-align: center;\">En <strong>Indiana<\/strong>, no solo dise\u00f1amos viajes, sino que creamos experiencias exclusivas y transformadoras. Nos dirigimos a aquellas personas que buscan algo verdaderamente \u00fanico: un <strong>lujo elegante y discreto<\/strong>, con experiencias vivenciales que capturan la <strong>autenticidad<\/strong> y esencia de cada destino. Dise\u00f1amos itinerarios que huyen de lo trillado, ofreciendo encuentros \u00edntimos y momentos memorables que no se encuentran en gu\u00edas tur\u00edsticas.<\/p>\n<p style=\"text-align: center;\">Cada detalle de nuestros viajes es cuidadosamente seleccionado para ofrecer una <strong>vivencia excepcional<\/strong>: desde <strong>alojamientos boutique y lujo<\/strong> que destacan por su encanto y sofisticaci\u00f3n, hasta<strong> actividades personalizadas<\/strong> que permiten al viajero sumergirse en la cultura local de una manera exclusiva. Nuestro compromiso es ofrecer experiencias que sorprendan, inspiren y conecten profundamente con cada lugar visitado.<\/p>\n<p style=\"text-align: center;\">En Indiana Experience creemos que <strong>viajar es un arte<\/strong>, una oportunidad para descubrir lo extraordinario en lo desconocido. Por eso, nuestras propuestas est\u00e1n pensadas para quienes buscan algo m\u00e1s que un simple viaje: una forma de vivir momentos \u00fanicos y regresar con historias que se atesoren para toda la vida.<\/p>\n<p style=\"text-align: center;\">Os esperamos para acompa\u00f1aros en vuestra pr\u00f3xima gran aventura.<\/p>\n<p style=\"text-align: center;\">Con cari\u00f1o,<\/p>\n<p style=\"text-align: center;\"><strong>Carolina Estell\u00e9<\/strong><\/p>\n<p>&nbsp;<\/p>\n<p><img loading=\"lazy\" decoding=\"async\" class=\"aligncenter\" src=\"https:\/\/mujeryviajera.com\/wp-content\/uploads\/2021\/02\/FIRMA.png\" alt=\"\" width=\"143\" height=\"143\" \/><\/p>\n<p style=\"text-align: center;\"><span style=\"font-size: 12pt;\">\u00a0<\/span><\/p>\n\n\t\t<\/div>\n\t<\/div>\n<\/div><\/div><\/div><\/div><div class=\"vc_row-full-width vc_clearfix\"><\/div><div class=\"vc_row wpb_row vc_row-fluid\" ><div class=\"wpb_column vc_column_container vc_col-sm-12\"><div class=\"vc_column-inner\"><div class=\"wpb_wrapper\"><div class=\"vc_empty_space\"   style=\"height: 50px\"><span class=\"vc_empty_space_inner\"><\/span><\/div><div class=\"vc_separator wpb_content_element vc_separator_align_center vc_sep_width_70 vc_sep_pos_align_center vc_separator_no_text vc_sep_color_black wpb_content_element  wpb_content_element\" ><span class=\"vc_sep_holder vc_sep_holder_l\"><span class=\"vc_sep_line\"><\/span><\/span><span class=\"vc_sep_holder vc_sep_holder_r\"><span class=\"vc_sep_line\"><\/span><\/span>\n<\/div><div class=\"vc_empty_space\"   style=\"height: 50px\"><span class=\"vc_empty_space_inner\"><\/span><\/div><\/div><\/div><\/div><\/div><div data-vc-full-width=\"true\" data-vc-full-width-init=\"false\" data-vc-stretch-content=\"true\" class=\"vc_row wpb_row vc_row-fluid vc_custom_1759077606954\" ><div class=\"wpb_column vc_column_container vc_col-sm-6\"><div class=\"vc_column-inner\"><div class=\"wpb_wrapper\">\n\t<div  class=\"wpb_single_image wpb_content_element vc_align_center wpb_content_element\">\n\t\t\n\t\t<figure class=\"wpb_wrapper vc_figure\">\n\t\t\t<div class=\"vc_single_image-wrapper   vc_box_border_grey\"><img decoding=\"async\" class=\"vc_single_image-img\" src=\"http:\/\/theindianatravel.com\/wp-content\/uploads\/2025\/09\/3-scaled-400x600.png\" width=\"400\" height=\"600\" alt=\"3\" title=\"3\" loading=\"lazy\" \/><\/div>\n\t\t<\/figure>\n\t<\/div>\n<\/div><\/div><\/div><div class=\"wpb_column vc_column_container vc_col-sm-6\"><div class=\"vc_column-inner\"><div class=\"wpb_wrapper\">\n\t<div class=\"wpb_text_column wpb_content_element\" >\n\t\t<div class=\"wpb_wrapper\">\n\t\t\t<h2 style=\"text-align: center;\">El equipo que me acompa\u00f1a<\/h2>\n\n\t\t<\/div>\n\t<\/div>\n<div class=\"vc_empty_space\"   style=\"height: 32px\"><span class=\"vc_empty_space_inner\"><\/span><\/div>\n\t<div class=\"wpb_text_column wpb_content_element\" >\n\t\t<div class=\"wpb_wrapper\">\n\t\t\t<p style=\"text-align: center;\">Aunque<strong> Indiana<\/strong> tiene un rostro visible, detr\u00e1s de cada detalle hay un equipo de confianza que me acompa\u00f1a. Entre ellos, nuestros especialistas en comunicaci\u00f3n y marketing digital, quienes nos ayudan a trasladar al mundo online la sensibilidad con la que dise\u00f1amos cada experiencia. Su labor es dar voz a Indiana en el espacio digital, cuidando que cada mensaje conserve la misma esencia de serenidad, autenticidad y elegancia que define a nuestra manera de viajar.<\/p>\n<p style=\"text-align: center;\">Elisenda Pe\u00f1arrubia \/ Ferran Batista<br \/>\n<em><strong>The Digital Brand.<\/strong><\/em><\/p>\n\n\t\t<\/div>\n\t<\/div>\n<\/div><\/div><\/div><\/div><div class=\"vc_row-full-width vc_clearfix\"><\/div><div class=\"vc_row wpb_row vc_row-fluid\" ><div class=\"wpb_column vc_column_container vc_col-sm-12\"><div class=\"vc_column-inner\"><div class=\"wpb_wrapper\"><div class=\"vc_empty_space\"   style=\"height: 50px\"><span class=\"vc_empty_space_inner\"><\/span><\/div><div class=\"vc_separator wpb_content_element vc_separator_align_center vc_sep_width_70 vc_sep_pos_align_center vc_separator_no_text vc_sep_color_black wpb_content_element  wpb_content_element\" ><span class=\"vc_sep_holder vc_sep_holder_l\"><span class=\"vc_sep_line\"><\/span><\/span><span class=\"vc_sep_holder vc_sep_holder_r\"><span class=\"vc_sep_line\"><\/span><\/span>\n<\/div><div class=\"vc_empty_space\"   style=\"height: 50px\"><span class=\"vc_empty_space_inner\"><\/span><\/div><\/div><\/div><\/div><\/div><div data-vc-full-width=\"true\" data-vc-full-width-init=\"false\" data-vc-stretch-content=\"true\" class=\"vc_row wpb_row vc_row-fluid vc_custom_1759077652137\" ><div class=\"wpb_column vc_column_container vc_col-sm-3\"><div class=\"vc_column-inner\"><div class=\"wpb_wrapper\">\n\t<div class=\"wpb_text_column wpb_content_element\" >\n\t\t<div class=\"wpb_wrapper\">\n\t\t\t<h3>\u00bfQU\u00c9 ES INDIANA?<\/h3>\n\n\t\t<\/div>\n\t<\/div>\n<\/div><\/div><\/div><div class=\"wpb_column vc_column_container vc_col-sm-9\"><div class=\"vc_column-inner vc_custom_1725904776105\"><div class=\"wpb_wrapper\">\n\t<div class=\"wpb_text_column wpb_content_element\" >\n\t\t<div class=\"wpb_wrapper\">\n\t\t\t<p>As\u00ed como, <strong>Mujer y Viajera<\/strong> ya ha sido sin\u00f3nimo de <strong>viajes \u00fanicos<\/strong>, con Indiana vamos a\u00fan m\u00e1s all\u00e1, ofreciendo itinerarios exclusivos para viajeros premium, ya sean parejas, familias o personas que deseen descubrir el mundo con una perspectiva distinta, siempre en destinos selectos y alojamientos boutique y \u00fanicos que garantizan una experiencia m\u00e1s personalizada y profunda.<\/p>\n<p>En <strong>Indiana, el lujo es sutil<\/strong>, no se muestra ni se exhibe, sino que se vive en cada detalle: en el trato personalizado, en los destinos alejados del turismo masivo, en las actividades pensadas para enriquecer tanto el alma como los sentidos, y en las experiencias locales que te har\u00e1n sentirte parte de cada lugar. Nuestros viajes est\u00e1n pensados para quienes valoran la <strong>autenticidad<\/strong>, el descubrimiento y las <strong>experiencias genuinas<\/strong>.<\/p>\n<p>A lo largo de estos a\u00f1os, he aprendido que viajar es mucho m\u00e1s que conocer lugares nuevos. Es una manera de crecer, de<strong> vivir experiencias<\/strong> que cambian tu perspectiva y de descubrir el mundo desde una mirada m\u00e1s profunda. En Indiana Experience no solo buscamos que disfrutes de cada destino, sino que vivas una transformaci\u00f3n personal. Cada viaje est\u00e1 dise\u00f1ado para ofrecerte m\u00e1s que un recuerdo, sino una experiencia que te acompa\u00f1ar\u00e1 toda la vida.<\/p>\n<p>Mis a\u00f1os de trabajo en Mujer y Viajera me han dado la oportunidad de conocer destinos extraordinarios, de conectar con culturas y comunidades, y de comprender las necesidades de quienes buscan lo mejor. Ahora, con <strong>Indiana<\/strong>, quiero llevar esos viajes a otro nivel, con una <strong>atenci\u00f3n al detalle<\/strong> y una exclusividad que nos posiciona como la opci\u00f3n ideal para quienes buscan m\u00e1s que un viaje, una <strong>experiencia \u00fanica, elegante y transformadora.<\/strong><\/p>\n<p>Si eres de los que buscan un viaje \u00fanico, fuera de lo com\u00fan con un enfoque hacia la <strong>sostenibilidad<\/strong> y el <strong>respeto cultural<\/strong>, entonces te invito a que descubras lo que hemos creado en Indiana Experience. Aqu\u00ed, <strong>cada viaje es una obra de arte<\/strong>, pensada especialmente para ti.<\/p>\n<p>Como resultado<strong>, Indiana<\/strong>\u00a0no es solo un viaje, es una inspiraci\u00f3n para vivir la aventura de una vida.<\/p>\n\n\t\t<\/div>\n\t<\/div>\n<\/div><\/div><\/div><\/div><div class=\"vc_row-full-width vc_clearfix\"><\/div><div class=\"vc_row wpb_row vc_row-fluid\" ><div class=\"wpb_column vc_column_container vc_col-sm-12\"><div class=\"vc_column-inner\"><div class=\"wpb_wrapper\"><div class=\"vc_empty_space\"   style=\"height: 50px\"><span class=\"vc_empty_space_inner\"><\/span><\/div><div class=\"vc_separator wpb_content_element vc_separator_align_center vc_sep_width_70 vc_sep_pos_align_center vc_separator_no_text vc_sep_color_black wpb_content_element  wpb_content_element\" ><span class=\"vc_sep_holder vc_sep_holder_l\"><span class=\"vc_sep_line\"><\/span><\/span><span class=\"vc_sep_holder vc_sep_holder_r\"><span class=\"vc_sep_line\"><\/span><\/span>\n<\/div><div class=\"vc_empty_space\"   style=\"height: 50px\"><span class=\"vc_empty_space_inner\"><\/span><\/div><\/div><\/div><\/div><\/div><div class=\"vc_row wpb_row vc_row-fluid\" ><div class=\"wpb_column vc_column_container vc_col-sm-12\"><div class=\"vc_column-inner\"><div class=\"wpb_wrapper\"><\/div><\/div><\/div><\/div>\n<\/div>","protected":false},"excerpt":{"rendered":"\u00bfQUIENES SOMOS? Soy Carolina Estell\u00e9, fundadora de \u00a0Indiana y Mujer y Viajera. Tras 16 a\u00f1os creando experiencias \u00fanicas de viaje para mujeres, he dado un paso m\u00e1s en mi pasi\u00f3n por ofrecer algo realmente excepcional. Indiana\u00a0nace del deseo de compartir [...]","protected":false},"author":1,"featured_media":0,"parent":0,"menu_order":0,"comment_status":"closed","ping_status":"closed","template":"full-width.php","meta":{"footnotes":""},"class_list":["post-813","page","type-page","status-publish","hentry"],"yoast_head":"<!-- This site is optimized with the Yoast SEO plugin v27.5 - https:\/\/yoast.com\/product\/yoast-seo-wordpress\/ -->\n<title>Quienes somos - INDIANA<\/title>\n<meta name=\"description\" content=\"Indiana Experiences, viajes \u00fanicos y experiencias genuinas, un lujo sutil y elegante. Cada viaje es una obra de arte. The Elegance of exclusive traveling\" \/>\n<meta name=\"robots\" content=\"index, follow, max-snippet:-1, max-image-preview:large, max-video-preview:-1\" \/>\n<link rel=\"canonical\" href=\"https:\/\/theindianatravel.com\/en\/quienessomos\/\" \/>\n<meta property=\"og:locale\" content=\"en_GB\" \/>\n<meta property=\"og:type\" content=\"article\" \/>\n<meta property=\"og:title\" content=\"Quienes somos - INDIANA\" \/>\n<meta property=\"og:description\" content=\"Indiana Experiences, viajes \u00fanicos y experiencias genuinas, un lujo sutil y elegante. Cada viaje es una obra de arte. The Elegance of exclusive traveling\" \/>\n<meta property=\"og:url\" content=\"https:\/\/theindianatravel.com\/en\/quienessomos\/\" \/>\n<meta property=\"og:site_name\" content=\"INDIANA\" \/>\n<meta property=\"article:modified_time\" content=\"2025-09-29T10:40:54+00:00\" \/>\n<meta property=\"og:image\" content=\"https:\/\/mujeryviajera.com\/wp-content\/uploads\/2021\/02\/FIRMA.png\" \/>\n<meta name=\"twitter:card\" content=\"summary_large_image\" \/>\n<meta name=\"twitter:label1\" content=\"Estimated reading time\" \/>\n\t<meta name=\"twitter:data1\" content=\"5 minutes\" \/>\n<script type=\"application\/ld+json\" class=\"yoast-schema-graph\">{\"@context\":\"https:\\\/\\\/schema.org\",\"@graph\":[{\"@type\":\"WebPage\",\"@id\":\"https:\\\/\\\/theindianatravel.com\\\/quienessomos\",\"url\":\"https:\\\/\\\/theindianatravel.com\\\/quienessomos\",\"name\":\"Quienes somos - INDIANA\",\"isPartOf\":{\"@id\":\"https:\\\/\\\/theindianatravel.com\\\/#website\"},\"primaryImageOfPage\":{\"@id\":\"https:\\\/\\\/theindianatravel.com\\\/quienessomos#primaryimage\"},\"image\":{\"@id\":\"https:\\\/\\\/theindianatravel.com\\\/quienessomos#primaryimage\"},\"thumbnailUrl\":\"https:\\\/\\\/mujeryviajera.com\\\/wp-content\\\/uploads\\\/2021\\\/02\\\/FIRMA.png\",\"datePublished\":\"2018-02-26T15:39:39+00:00\",\"dateModified\":\"2025-09-29T10:40:54+00:00\",\"description\":\"Indiana Experiences, viajes \u00fanicos y experiencias genuinas, un lujo sutil y elegante. Cada viaje es una obra de arte. The Elegance of exclusive traveling\",\"breadcrumb\":{\"@id\":\"https:\\\/\\\/theindianatravel.com\\\/quienessomos#breadcrumb\"},\"inLanguage\":\"en-GB\",\"potentialAction\":[{\"@type\":\"ReadAction\",\"target\":[\"https:\\\/\\\/theindianatravel.com\\\/quienessomos\"]}]},{\"@type\":\"ImageObject\",\"inLanguage\":\"en-GB\",\"@id\":\"https:\\\/\\\/theindianatravel.com\\\/quienessomos#primaryimage\",\"url\":\"https:\\\/\\\/mujeryviajera.com\\\/wp-content\\\/uploads\\\/2021\\\/02\\\/FIRMA.png\",\"contentUrl\":\"https:\\\/\\\/mujeryviajera.com\\\/wp-content\\\/uploads\\\/2021\\\/02\\\/FIRMA.png\"},{\"@type\":\"BreadcrumbList\",\"@id\":\"https:\\\/\\\/theindianatravel.com\\\/quienessomos#breadcrumb\",\"itemListElement\":[{\"@type\":\"ListItem\",\"position\":1,\"name\":\"Portada\",\"item\":\"https:\\\/\\\/theindianatravel.com\\\/\"},{\"@type\":\"ListItem\",\"position\":2,\"name\":\"Quienes somos\"}]},{\"@type\":\"WebSite\",\"@id\":\"https:\\\/\\\/theindianatravel.com\\\/#website\",\"url\":\"https:\\\/\\\/theindianatravel.com\\\/\",\"name\":\"INDIANA\",\"description\":\"Travel Experiences\",\"potentialAction\":[{\"@type\":\"SearchAction\",\"target\":{\"@type\":\"EntryPoint\",\"urlTemplate\":\"https:\\\/\\\/theindianatravel.com\\\/?s={search_term_string}\"},\"query-input\":{\"@type\":\"PropertyValueSpecification\",\"valueRequired\":true,\"valueName\":\"search_term_string\"}}],\"inLanguage\":\"en-GB\"}]}<\/script>\n<!-- \/ Yoast SEO plugin. -->","yoast_head_json":{"title":"Quienes somos - INDIANA","description":"Indiana Experiences, viajes \u00fanicos y experiencias genuinas, un lujo sutil y elegante. Cada viaje es una obra de arte. The Elegance of exclusive traveling","robots":{"index":"index","follow":"follow","max-snippet":"max-snippet:-1","max-image-preview":"max-image-preview:large","max-video-preview":"max-video-preview:-1"},"canonical":"https:\/\/theindianatravel.com\/en\/quienessomos\/","og_locale":"en_GB","og_type":"article","og_title":"Quienes somos - INDIANA","og_description":"Indiana Experiences, viajes \u00fanicos y experiencias genuinas, un lujo sutil y elegante. Cada viaje es una obra de arte. The Elegance of exclusive traveling","og_url":"https:\/\/theindianatravel.com\/en\/quienessomos\/","og_site_name":"INDIANA","article_modified_time":"2025-09-29T10:40:54+00:00","og_image":[{"url":"https:\/\/mujeryviajera.com\/wp-content\/uploads\/2021\/02\/FIRMA.png","type":"","width":"","height":""}],"twitter_card":"summary_large_image","twitter_misc":{"Estimated reading time":"5 minutes"},"schema":{"@context":"https:\/\/schema.org","@graph":[{"@type":"WebPage","@id":"https:\/\/theindianatravel.com\/quienessomos","url":"https:\/\/theindianatravel.com\/quienessomos","name":"Quienes somos - INDIANA","isPartOf":{"@id":"https:\/\/theindianatravel.com\/#website"},"primaryImageOfPage":{"@id":"https:\/\/theindianatravel.com\/quienessomos#primaryimage"},"image":{"@id":"https:\/\/theindianatravel.com\/quienessomos#primaryimage"},"thumbnailUrl":"https:\/\/mujeryviajera.com\/wp-content\/uploads\/2021\/02\/FIRMA.png","datePublished":"2018-02-26T15:39:39+00:00","dateModified":"2025-09-29T10:40:54+00:00","description":"Indiana Experiences, viajes \u00fanicos y experiencias genuinas, un lujo sutil y elegante. Cada viaje es una obra de arte. The Elegance of exclusive traveling","breadcrumb":{"@id":"https:\/\/theindianatravel.com\/quienessomos#breadcrumb"},"inLanguage":"en-GB","potentialAction":[{"@type":"ReadAction","target":["https:\/\/theindianatravel.com\/quienessomos"]}]},{"@type":"ImageObject","inLanguage":"en-GB","@id":"https:\/\/theindianatravel.com\/quienessomos#primaryimage","url":"https:\/\/mujeryviajera.com\/wp-content\/uploads\/2021\/02\/FIRMA.png","contentUrl":"https:\/\/mujeryviajera.com\/wp-content\/uploads\/2021\/02\/FIRMA.png"},{"@type":"BreadcrumbList","@id":"https:\/\/theindianatravel.com\/quienessomos#breadcrumb","itemListElement":[{"@type":"ListItem","position":1,"name":"Portada","item":"https:\/\/theindianatravel.com\/"},{"@type":"ListItem","position":2,"name":"Quienes somos"}]},{"@type":"WebSite","@id":"https:\/\/theindianatravel.com\/#website","url":"https:\/\/theindianatravel.com\/","name":"INDIANA","description":"Travel Experiences","potentialAction":[{"@type":"SearchAction","target":{"@type":"EntryPoint","urlTemplate":"https:\/\/theindianatravel.com\/?s={search_term_string}"},"query-input":{"@type":"PropertyValueSpecification","valueRequired":true,"valueName":"search_term_string"}}],"inLanguage":"en-GB"}]}},"_links":{"self":[{"href":"http:\/\/theindianatravel.com\/en\/wp-json\/wp\/v2\/pages\/813","targetHints":{"allow":["GET"]}}],"collection":[{"href":"http:\/\/theindianatravel.com\/en\/wp-json\/wp\/v2\/pages"}],"about":[{"href":"http:\/\/theindianatravel.com\/en\/wp-json\/wp\/v2\/types\/page"}],"author":[{"embeddable":true,"href":"http:\/\/theindianatravel.com\/en\/wp-json\/wp\/v2\/users\/1"}],"replies":[{"embeddable":true,"href":"http:\/\/theindianatravel.com\/en\/wp-json\/wp\/v2\/comments?post=813"}],"version-history":[{"count":26,"href":"http:\/\/theindianatravel.com\/en\/wp-json\/wp\/v2\/pages\/813\/revisions"}],"predecessor-version":[{"id":7529,"href":"http:\/\/theindianatravel.com\/en\/wp-json\/wp\/v2\/pages\/813\/revisions\/7529"}],"wp:attachment":[{"href":"http:\/\/theindianatravel.com\/en\/wp-json\/wp\/v2\/media?parent=813"}],"curies":[{"name":"wp","href":"https:\/\/api.w.org\/{rel}","templated":true}]}}