{"id":8019,"date":"2025-12-08T08:52:15","date_gmt":"2025-12-08T07:52:15","guid":{"rendered":"https:\/\/theindianatravel.com\/?page_id=8019"},"modified":"2026-01-05T18:34:00","modified_gmt":"2026-01-05T17:34:00","slug":"viajes-en-grupo-2","status":"publish","type":"page","link":"http:\/\/theindianatravel.com\/en\/viajes-en-grupo-2","title":{"rendered":"Viajes en grupo"},"content":{"rendered":"<div class=\"wpb-content-wrapper\"><div class=\"vc_row wpb_row vc_row-fluid\" ><div class=\"wpb_column vc_column_container vc_col-has-fill\"><div class=\"vc_column-inner vc_custom_1765186456454\"><div class=\"wpb_wrapper\"><div class=\"vc_empty_space\"   style=\"height: 45px\"><span class=\"vc_empty_space_inner\"><\/span><\/div>\n\t<div  class=\"wpb_single_image wpb_content_element vc_align_center wpb_content_element\">\n\t\t\n\t\t<figure class=\"wpb_wrapper vc_figure\">\n\t\t\t<div class=\"vc_single_image-wrapper   vc_box_border_grey\"><img decoding=\"async\" class=\"vc_single_image-img\" src=\"http:\/\/theindianatravel.com\/wp-content\/uploads\/2025\/07\/LOGO-INDIANA_ISOTIPO-e1753434674482-125x125.png\" width=\"125\" height=\"125\" alt=\"LOGO INDIANA_ISOTIPO\" title=\"LOGO INDIANA_ISOTIPO\" loading=\"lazy\" \/><\/div>\n\t\t<\/figure>\n\t<\/div>\n<div class=\"vc_empty_space\"   style=\"height: 40px\"><span class=\"vc_empty_space_inner\"><\/span><\/div><div class=\"eltd-section-title-holder   text-align-center\" style=\"text-align: center\">\n\t<div class=\"eltd-st-inner\">\n\t\t\t\t\t<h2 class=\"eltd-st-title\" >\n\t\t\t\tViajar en grupo, de otra manera\t\t\t<\/h2>\n\t\t\t\t<div class=\"eltd-separator-holder clearfix  eltd-separator-center\">\t<div class=\"eltd-separator\" ><\/div><\/div>\t\t\t\t\t<h5 class=\"eltd-st-text\" >\n\t\t\t\tNuestros viajes en grupo son colecciones cuidadosamente seleccionadas. Ediciones limitadas, grupos reducidos y propuestas pensadas para quienes buscan una compa\u00f1\u00eda af\u00edn y una mirada m\u00e1s profunda sobre cada destino.<br \/>\nDesde nuestras propias Ediciones Indiana \u2014incluyendo Mujer y Viajera\u2014 hasta las salidas regulares y los Viajes de Autor, cada experiencia mantiene el sello de la casa: calma, intenci\u00f3n y autenticidad.\t\t\t<\/h5>\n\t\t\t<\/div>\n<\/div><div class=\"vc_empty_space\"   style=\"height: 40px\"><span class=\"vc_empty_space_inner\"><\/span><\/div><\/div><\/div><\/div><\/div><div class=\"vc_row wpb_row vc_row-fluid\" ><div class=\"wpb_column vc_column_container vc_col-sm-12\"><div class=\"vc_column-inner\"><div class=\"wpb_wrapper\"><div class=\"vc_empty_space\"   style=\"height: 100px\"><span class=\"vc_empty_space_inner\"><\/span><\/div><div class=\"eltd-section-title-holder   text-align-center\" style=\"text-align: center\">\n\t<div class=\"eltd-st-inner\">\n\t\t\t\t\t<h2 class=\"eltd-st-title\" style=\"color: #000000\">\n\t\t\t\tPr\u00f3ximas salidas en grupo\t\t\t<\/h2>\n\t\t\t\t<div class=\"eltd-separator-holder clearfix  eltd-separator-center\">\t<div class=\"eltd-separator\" ><\/div><\/div>\t\t\t<\/div>\n<\/div><div class=\"vc_empty_space\"   style=\"height: 32px\"><span class=\"vc_empty_space_inner\"><\/span><\/div><div class=\"vc_row wpb_row vc_inner vc_row-fluid\" ><div class=\"wpb_column vc_column_container vc_col-sm-8\"><div class=\"vc_column-inner\"><div class=\"wpb_wrapper\">\n\t<div  class=\"wpb_single_image wpb_content_element vc_align_center wpb_content_element\">\n\t\t\n\t\t<figure class=\"wpb_wrapper vc_figure\">\n\t\t\t<a href=\"https:\/\/theindianatravel.com\/en\/tour-item\/yunnan-en-grupo\/\" target=\"_blank\" class=\"vc_single_image-wrapper   vc_box_border_grey\"><img loading=\"lazy\" decoding=\"async\" width=\"1000\" height=\"668\" src=\"http:\/\/theindianatravel.com\/wp-content\/uploads\/2024\/12\/1-201220003232K5.jpeg\" class=\"vc_single_image-img attachment-full\" alt=\"YUNNAN -CHINA - THE INDIANA EXPERIENCE\" title=\"YUNNAN -CHINA - THE INDIANA EXPERIENCE\" srcset=\"http:\/\/theindianatravel.com\/wp-content\/uploads\/2024\/12\/1-201220003232K5.jpeg 1000w, http:\/\/theindianatravel.com\/wp-content\/uploads\/2024\/12\/1-201220003232K5-300x200.jpeg 300w, http:\/\/theindianatravel.com\/wp-content\/uploads\/2024\/12\/1-201220003232K5-768x513.jpeg 768w, http:\/\/theindianatravel.com\/wp-content\/uploads\/2024\/12\/1-201220003232K5-600x401.jpeg 600w\" sizes=\"auto, (max-width: 1000px) 100vw, 1000px\" \/><\/a>\n\t\t<\/figure>\n\t<\/div>\n<\/div><\/div><\/div><div class=\"wpb_column vc_column_container vc_col-sm-4 vc_col-has-fill\"><div class=\"vc_column-inner vc_custom_1765190318034\"><div class=\"wpb_wrapper\"><div class=\"eltd-image-with-text-holder   eltd-image-behavior-custom-link  eltd-has-predefined-hover\">\n    <div class=\"eltd-iwt-image\">\n        \t            <a itemprop=\"url\" href=\"https:\/\/theindianatravel.com\/en\/tour-item\/yunnan-en-grupo\/\" target=\"_blank\">\n                                                                    <\/a>\n            <\/div>\n    <div class=\"eltd-iwt-text-holder\">\n                    <h2 class=\"eltd-iwt-title\" >Yunnan en grupo<\/h2>\n                            <h4 class=\"eltd-iwt-subtitle\" >salida regular<\/h4>\n        \t\t            <p class=\"eltd-iwt-text\" >Seleccionamos esta salida regular a Yunnan por la autenticidad de su recorrido y la calidad de su organizaci\u00f3n. Un itinerario que combina naturaleza, historia y diversidad cultural en una de las regiones m\u00e1s fascinantes de China. Un viaje en grupo reducido, acompa\u00f1ado por un gu\u00eda local experto, ideal para quienes desean descubrir Yunnan con comodidad y un ritmo equilibrado.<\/p>\n            <\/div>\n<\/div><div class=\"vc_btn3-container vc_btn3-center vc_do_btn\" ><a onmouseleave=\"this.style.borderColor='#3A2404'; this.style.backgroundColor='transparent'; this.style.color='#3A2404'\" onmouseenter=\"this.style.borderColor='#3A2404'; this.style.backgroundColor='#3A2404'; this.style.color='#fff';\" style=\"border-color:#3A2404; color:#3A2404;\" class=\"vc_general vc_btn3 vc_btn3-size-lg vc_btn3-shape-square vc_btn3-style-outline-custom\" href=\"https:\/\/theindianatravel.com\/en\/tour-item\/yunnan-en-grupo\/\" title=\"YUNNAN EN GRUPO\">Ir a viaje<\/a><\/div><\/div><\/div><\/div><\/div><div class=\"vc_empty_space\"   style=\"height: 32px\"><span class=\"vc_empty_space_inner\"><\/span><\/div><div class=\"vc_row wpb_row vc_inner vc_row-fluid\" ><div class=\"wpb_column vc_column_container vc_col-sm-8\"><div class=\"vc_column-inner\"><div class=\"wpb_wrapper\">\n\t<div  class=\"wpb_single_image wpb_content_element vc_align_center wpb_content_element\">\n\t\t\n\t\t<figure class=\"wpb_wrapper vc_figure\">\n\t\t\t<a href=\"https:\/\/theindianatravel.com\/en\/tour-item\/japon-shibui\/\" target=\"_blank\" class=\"vc_single_image-wrapper   vc_box_border_grey\"><img loading=\"lazy\" decoding=\"async\" width=\"2048\" height=\"1365\" src=\"http:\/\/theindianatravel.com\/wp-content\/uploads\/2025\/10\/jay-SsYjyVXGT1o-unsplash-scaled.jpg\" class=\"vc_single_image-img attachment-full\" alt=\"JAPON LUNA DE MIEL - INDIANA TRAVEL\" title=\"JAPON LUNA DE MIEL - INDIANA TRAVEL\" srcset=\"http:\/\/theindianatravel.com\/wp-content\/uploads\/2025\/10\/jay-SsYjyVXGT1o-unsplash-scaled.jpg 2048w, http:\/\/theindianatravel.com\/wp-content\/uploads\/2025\/10\/jay-SsYjyVXGT1o-unsplash-300x200.jpg 300w, http:\/\/theindianatravel.com\/wp-content\/uploads\/2025\/10\/jay-SsYjyVXGT1o-unsplash-1024x683.jpg 1024w, http:\/\/theindianatravel.com\/wp-content\/uploads\/2025\/10\/jay-SsYjyVXGT1o-unsplash-768x512.jpg 768w, http:\/\/theindianatravel.com\/wp-content\/uploads\/2025\/10\/jay-SsYjyVXGT1o-unsplash-1536x1024.jpg 1536w, http:\/\/theindianatravel.com\/wp-content\/uploads\/2025\/10\/jay-SsYjyVXGT1o-unsplash-18x12.jpg 18w, http:\/\/theindianatravel.com\/wp-content\/uploads\/2025\/10\/jay-SsYjyVXGT1o-unsplash-600x400.jpg 600w\" sizes=\"auto, (max-width: 2048px) 100vw, 2048px\" \/><\/a>\n\t\t<\/figure>\n\t<\/div>\n<\/div><\/div><\/div><div class=\"wpb_column vc_column_container vc_col-sm-4 vc_col-has-fill\"><div class=\"vc_column-inner vc_custom_1765190318034\"><div class=\"wpb_wrapper\"><div class=\"eltd-image-with-text-holder   eltd-image-behavior-custom-link  eltd-has-predefined-hover\">\n    <div class=\"eltd-iwt-image\">\n        \t            <a itemprop=\"url\" href=\"https:\/\/theindianatravel.com\/en\/tour-item\/japon-shibui\/\" target=\"_blank\">\n                                                                    <\/a>\n            <\/div>\n    <div class=\"eltd-iwt-text-holder\">\n                    <h2 class=\"eltd-iwt-title\" >Jap\u00f3n Shibui<\/h2>\n                            <h4 class=\"eltd-iwt-subtitle\" >Exclusivo Mujeres<\/h4>\n        \t\t            <p class=\"eltd-iwt-text\" >Este viaje a Jap\u00f3n en grupo privado de mujeres ha sido dise\u00f1ado para descubrir el pa\u00eds de forma segura, pausada y profundamente cuidada. Un itinerario pensado para amantes del arte, la delicadeza y la belleza sutil, viajando acompa\u00f1adas por una tour leader de Mujer y Viajera desde origen y gu\u00edas locales expertos, que permite acercarse a Jap\u00f3n desde una mirada sensible, compartida y consciente.<\/p>\n            <\/div>\n<\/div><div class=\"vc_btn3-container vc_btn3-center vc_do_btn\" ><a onmouseleave=\"this.style.borderColor='#3A2404'; this.style.backgroundColor='transparent'; this.style.color='#3A2404'\" onmouseenter=\"this.style.borderColor='#3A2404'; this.style.backgroundColor='#3A2404'; this.style.color='#fff';\" style=\"border-color:#3A2404; color:#3A2404;\" class=\"vc_general vc_btn3 vc_btn3-size-lg vc_btn3-shape-square vc_btn3-style-outline-custom\" href=\"https:\/\/theindianatravel.com\/en\/tour-item\/japon-shibui\/\" title=\"JAP\u00d3N SHIBUI\">Ir a viaje<\/a><\/div><\/div><\/div><\/div><\/div><div class=\"vc_empty_space\"   style=\"height: 32px\"><span class=\"vc_empty_space_inner\"><\/span><\/div><div class=\"vc_row wpb_row vc_inner vc_row-fluid\" ><div class=\"wpb_column vc_column_container vc_col-sm-8\"><div class=\"vc_column-inner\"><div class=\"wpb_wrapper\">\n\t<div  class=\"wpb_single_image wpb_content_element vc_align_center wpb_content_element\">\n\t\t\n\t\t<figure class=\"wpb_wrapper vc_figure\">\n\t\t\t<a href=\"https:\/\/theindianatravel.com\/en\/tour-item\/namibia-ubutu\/\" target=\"_blank\" class=\"vc_single_image-wrapper   vc_box_border_grey\"><img loading=\"lazy\" decoding=\"async\" width=\"2048\" height=\"1367\" src=\"http:\/\/theindianatravel.com\/wp-content\/uploads\/2025\/08\/Viajes-a-Namibia-The-Indiana-Travel-Experiences12-scaled.jpg\" class=\"vc_single_image-img attachment-full\" alt=\"\" title=\"Viajes a Namibia - The Indiana Travel Experiences12\" srcset=\"http:\/\/theindianatravel.com\/wp-content\/uploads\/2025\/08\/Viajes-a-Namibia-The-Indiana-Travel-Experiences12-scaled.jpg 2048w, http:\/\/theindianatravel.com\/wp-content\/uploads\/2025\/08\/Viajes-a-Namibia-The-Indiana-Travel-Experiences12-300x200.jpg 300w, http:\/\/theindianatravel.com\/wp-content\/uploads\/2025\/08\/Viajes-a-Namibia-The-Indiana-Travel-Experiences12-1024x684.jpg 1024w, http:\/\/theindianatravel.com\/wp-content\/uploads\/2025\/08\/Viajes-a-Namibia-The-Indiana-Travel-Experiences12-768x513.jpg 768w, http:\/\/theindianatravel.com\/wp-content\/uploads\/2025\/08\/Viajes-a-Namibia-The-Indiana-Travel-Experiences12-1536x1026.jpg 1536w, http:\/\/theindianatravel.com\/wp-content\/uploads\/2025\/08\/Viajes-a-Namibia-The-Indiana-Travel-Experiences12-600x401.jpg 600w\" sizes=\"auto, (max-width: 2048px) 100vw, 2048px\" \/><\/a>\n\t\t<\/figure>\n\t<\/div>\n<\/div><\/div><\/div><div class=\"wpb_column vc_column_container vc_col-sm-4 vc_col-has-fill\"><div class=\"vc_column-inner vc_custom_1765190318034\"><div class=\"wpb_wrapper\"><div class=\"eltd-image-with-text-holder   eltd-image-behavior-custom-link  eltd-has-predefined-hover\">\n    <div class=\"eltd-iwt-image\">\n        \t            <a itemprop=\"url\" href=\"https:\/\/theindianatravel.com\/en\/tour-item\/namibia-ubutu\/\" target=\"_blank\">\n                                                                    <\/a>\n            <\/div>\n    <div class=\"eltd-iwt-text-holder\">\n                    <h2 class=\"eltd-iwt-title\" >Namibia Ubuntu<\/h2>\n                            <h4 class=\"eltd-iwt-subtitle\" >Exclusivo Mujeres<\/h4>\n        \t\t            <p class=\"eltd-iwt-text\" >Este viaje a Namibia en grupo privado de mujeres ha sido dise\u00f1ado para descubrir el pa\u00eds cuidadosamente organizado. Un itinerario que recorre los paisajes m\u00e1s emblem\u00e1ticos del pa\u00eds \u2014el desierto del Namib, las dunas de Sossusvlei, Etosha y los paisajes m\u00e1s espectaculares del sur de \u00c1frica\u2014 viajando acompa\u00f1adas por una tour leader y gu\u00edas locales, y aloj\u00e1ndonos en lodges seleccionados por su entorno, confort y car\u00e1cter.<\/p>\n            <\/div>\n<\/div><div class=\"vc_btn3-container vc_btn3-center vc_do_btn\" ><a onmouseleave=\"this.style.borderColor='#3A2404'; this.style.backgroundColor='transparent'; this.style.color='#3A2404'\" onmouseenter=\"this.style.borderColor='#3A2404'; this.style.backgroundColor='#3A2404'; this.style.color='#fff';\" style=\"border-color:#3A2404; color:#3A2404;\" class=\"vc_general vc_btn3 vc_btn3-size-lg vc_btn3-shape-square vc_btn3-style-outline-custom\" href=\"https:\/\/theindianatravel.com\/en\/tour-item\/namibia-ubutu\/\" title=\"NAMIBIA UBUNTU\">Ir a viaje<\/a><\/div><\/div><\/div><\/div><\/div><\/div><\/div><\/div><\/div><div class=\"vc_row wpb_row vc_row-fluid\" ><div class=\"wpb_column vc_column_container vc_col-sm-12\"><div class=\"vc_column-inner\"><div class=\"wpb_wrapper\"><div class=\"vc_empty_space\"   style=\"height: 75px\"><span class=\"vc_empty_space_inner\"><\/span><\/div><\/div><\/div><\/div><\/div><div class=\"vc_row wpb_row vc_row-fluid\" ><div class=\"wpb_column vc_column_container vc_col-sm-12\"><div class=\"vc_column-inner\"><div class=\"wpb_wrapper\"><\/div><\/div><\/div><\/div>\n<\/div>","protected":false},"excerpt":{"rendered":"Viajar en grupo, de otra manera Nuestros viajes en grupo son colecciones cuidadosamente seleccionadas. Ediciones limitadas, grupos reducidos y propuestas pensadas para quienes buscan una compa\u00f1\u00eda af\u00edn y una mirada m\u00e1s profunda sobre cada destino. Desde nuestras propias Ediciones Indiana [...]","protected":false},"author":1,"featured_media":0,"parent":0,"menu_order":0,"comment_status":"closed","ping_status":"closed","template":"","meta":{"footnotes":""},"class_list":["post-8019","page","type-page","status-publish","hentry"],"yoast_head":"<!-- This site is optimized with the Yoast SEO plugin v27.4 - https:\/\/yoast.com\/product\/yoast-seo-wordpress\/ -->\n<title>Viajes en grupo - INDIANA<\/title>\n<meta name=\"robots\" content=\"index, follow, max-snippet:-1, max-image-preview:large, max-video-preview:-1\" \/>\n<link rel=\"canonical\" href=\"https:\/\/theindianatravel.com\/en\/viajes-en-grupo-2\/\" \/>\n<meta property=\"og:locale\" content=\"en_GB\" \/>\n<meta property=\"og:type\" content=\"article\" \/>\n<meta property=\"og:title\" content=\"Viajes en grupo - INDIANA\" \/>\n<meta property=\"og:url\" content=\"https:\/\/theindianatravel.com\/en\/viajes-en-grupo-2\/\" \/>\n<meta property=\"og:site_name\" content=\"INDIANA\" \/>\n<meta property=\"article:modified_time\" content=\"2026-01-05T17:34:00+00:00\" \/>\n<meta name=\"twitter:card\" content=\"summary_large_image\" \/>\n<meta name=\"twitter:label1\" content=\"Estimated reading time\" \/>\n\t<meta name=\"twitter:data1\" content=\"2 minutes\" \/>\n<script type=\"application\/ld+json\" class=\"yoast-schema-graph\">{\"@context\":\"https:\\\/\\\/schema.org\",\"@graph\":[{\"@type\":\"WebPage\",\"@id\":\"https:\\\/\\\/theindianatravel.com\\\/viajes-en-grupo-2\",\"url\":\"https:\\\/\\\/theindianatravel.com\\\/viajes-en-grupo-2\",\"name\":\"Viajes en grupo - INDIANA\",\"isPartOf\":{\"@id\":\"https:\\\/\\\/theindianatravel.com\\\/#website\"},\"datePublished\":\"2025-12-08T07:52:15+00:00\",\"dateModified\":\"2026-01-05T17:34:00+00:00\",\"breadcrumb\":{\"@id\":\"https:\\\/\\\/theindianatravel.com\\\/viajes-en-grupo-2#breadcrumb\"},\"inLanguage\":\"en-GB\",\"potentialAction\":[{\"@type\":\"ReadAction\",\"target\":[\"https:\\\/\\\/theindianatravel.com\\\/viajes-en-grupo-2\"]}]},{\"@type\":\"BreadcrumbList\",\"@id\":\"https:\\\/\\\/theindianatravel.com\\\/viajes-en-grupo-2#breadcrumb\",\"itemListElement\":[{\"@type\":\"ListItem\",\"position\":1,\"name\":\"Portada\",\"item\":\"https:\\\/\\\/theindianatravel.com\\\/en\\\/\"},{\"@type\":\"ListItem\",\"position\":2,\"name\":\"Viajes en grupo\"}]},{\"@type\":\"WebSite\",\"@id\":\"https:\\\/\\\/theindianatravel.com\\\/#website\",\"url\":\"https:\\\/\\\/theindianatravel.com\\\/\",\"name\":\"INDIANA\",\"description\":\"Travel Experiences\",\"potentialAction\":[{\"@type\":\"SearchAction\",\"target\":{\"@type\":\"EntryPoint\",\"urlTemplate\":\"https:\\\/\\\/theindianatravel.com\\\/?s={search_term_string}\"},\"query-input\":{\"@type\":\"PropertyValueSpecification\",\"valueRequired\":true,\"valueName\":\"search_term_string\"}}],\"inLanguage\":\"en-GB\"}]}<\/script>\n<!-- \/ Yoast SEO plugin. -->","yoast_head_json":{"title":"Viajes en grupo - INDIANA","robots":{"index":"index","follow":"follow","max-snippet":"max-snippet:-1","max-image-preview":"max-image-preview:large","max-video-preview":"max-video-preview:-1"},"canonical":"https:\/\/theindianatravel.com\/en\/viajes-en-grupo-2\/","og_locale":"en_GB","og_type":"article","og_title":"Viajes en grupo - INDIANA","og_url":"https:\/\/theindianatravel.com\/en\/viajes-en-grupo-2\/","og_site_name":"INDIANA","article_modified_time":"2026-01-05T17:34:00+00:00","twitter_card":"summary_large_image","twitter_misc":{"Estimated reading time":"2 minutes"},"schema":{"@context":"https:\/\/schema.org","@graph":[{"@type":"WebPage","@id":"https:\/\/theindianatravel.com\/viajes-en-grupo-2","url":"https:\/\/theindianatravel.com\/viajes-en-grupo-2","name":"Viajes en grupo - INDIANA","isPartOf":{"@id":"https:\/\/theindianatravel.com\/#website"},"datePublished":"2025-12-08T07:52:15+00:00","dateModified":"2026-01-05T17:34:00+00:00","breadcrumb":{"@id":"https:\/\/theindianatravel.com\/viajes-en-grupo-2#breadcrumb"},"inLanguage":"en-GB","potentialAction":[{"@type":"ReadAction","target":["https:\/\/theindianatravel.com\/viajes-en-grupo-2"]}]},{"@type":"BreadcrumbList","@id":"https:\/\/theindianatravel.com\/viajes-en-grupo-2#breadcrumb","itemListElement":[{"@type":"ListItem","position":1,"name":"Portada","item":"https:\/\/theindianatravel.com\/en\/"},{"@type":"ListItem","position":2,"name":"Viajes en grupo"}]},{"@type":"WebSite","@id":"https:\/\/theindianatravel.com\/#website","url":"https:\/\/theindianatravel.com\/","name":"INDIANA","description":"Travel Experiences","potentialAction":[{"@type":"SearchAction","target":{"@type":"EntryPoint","urlTemplate":"https:\/\/theindianatravel.com\/?s={search_term_string}"},"query-input":{"@type":"PropertyValueSpecification","valueRequired":true,"valueName":"search_term_string"}}],"inLanguage":"en-GB"}]}},"_links":{"self":[{"href":"http:\/\/theindianatravel.com\/en\/wp-json\/wp\/v2\/pages\/8019","targetHints":{"allow":["GET"]}}],"collection":[{"href":"http:\/\/theindianatravel.com\/en\/wp-json\/wp\/v2\/pages"}],"about":[{"href":"http:\/\/theindianatravel.com\/en\/wp-json\/wp\/v2\/types\/page"}],"author":[{"embeddable":true,"href":"http:\/\/theindianatravel.com\/en\/wp-json\/wp\/v2\/users\/1"}],"replies":[{"embeddable":true,"href":"http:\/\/theindianatravel.com\/en\/wp-json\/wp\/v2\/comments?post=8019"}],"version-history":[{"count":7,"href":"http:\/\/theindianatravel.com\/en\/wp-json\/wp\/v2\/pages\/8019\/revisions"}],"predecessor-version":[{"id":8026,"href":"http:\/\/theindianatravel.com\/en\/wp-json\/wp\/v2\/pages\/8019\/revisions\/8026"}],"wp:attachment":[{"href":"http:\/\/theindianatravel.com\/en\/wp-json\/wp\/v2\/media?parent=8019"}],"curies":[{"name":"wp","href":"https:\/\/api.w.org\/{rel}","templated":true}]}}